{"id":98,"date":"2022-04-10T15:42:27","date_gmt":"2022-04-10T15:42:27","guid":{"rendered":"https:\/\/kapikajak.pl\/?page_id=98"},"modified":"2024-04-12T20:36:13","modified_gmt":"2024-04-12T20:36:13","slug":"rospuda","status":"publish","type":"page","link":"https:\/\/kapikajak.pl\/wp\/?page_id=98","title":{"rendered":"Rospuda"},"content":{"rendered":"\n<p><strong>Rospuda<\/strong> stanowi g\u00f3rny bieg rzeki Netty, prawego dop\u0142ywu Biebrzy.<\/p>\n\n\n\n<p><br>Rzeka przep\u0142ywa w kierunku po\u0142udniowym i po\u0142udniowo-wschodnim przez \u0142a\u0144cuch 9 w\u0105skich, polodowcowych jezior: Rospuda Filipowska, Jezioro Kamienne, Jezioro D\u0142ugie, Garbas, Jezioro G\u0142\u0119bokie, Sumowo Baka\u0142arzewskie, Jezioro Okr\u0105g\u0142e, Bolesty i Rospuda Augustowska, do kt\u00f3rego uchodzi.<\/p>\n\n\n\n<p>W g\u00f3rnym biegu, na odcinkach pomi\u0119dzy jeziorami, Rospuda ma w\u0105skie i kr\u0119te koryto, nurt szybki, a dno kamieniste, przypominaj\u0105c nieco g\u00f3rski potok. P\u0142ynie poprzez lasy i \u0142\u0105ki, w\u0105sk\u0105 dolin\u0105 o wysokich, stromych brzegach. Cz\u0119ste s\u0105 zakola, prze\u0142omy i powalone drzewa. W\u0105skie jeziora rynnowe ci\u0105gn\u0105 si\u0119 kilometrami \u2013 dwa najd\u0142u\u017csze, Rospuda Filipowska i Bolesty, maj\u0105 5,8 km d\u0142ugo\u015bci przy szeroko\u015bci zaledwie 0,4\u20130,8 km. Ich brzegi s\u0105 wysokie, czasem zalesione, a czasem poro\u015bni\u0119te \u0142\u0105k\u0105 i poprzecinane w\u0105wozami. Te w\u0105wozy to efekt erozji pod wp\u0142ywem sp\u0142ywaj\u0105cych w\u00f3d deszczowych.<\/p>\n\n\n\n<p><br>W dolnym biegu rzeka, wp\u0142ywaj\u0105c w Puszcz\u0119 Augustowsk\u0105, zmienia charakter na typowo nizinny. Meandruje w podmok\u0142ej dolinie nadrzecznej po\u015br\u00f3d trzcinowisk. Przep\u0142ywa przez uroczyska: \u015awi\u0119te Miejsce i M\u0142y\u0144sko, Koryto rzeki rozszerza si\u0119 tam.<\/p>\n\n\n\n<p><br>Nasza firma proponuje Pa\u0144stwu odcinek : Ma\u0142e Raczki &#8211; \u015awi\u0119te Miejsce (ok. 13,7 km)<\/p>\n\n\n\n<p><br>Koszt : 50 z\u0142\/os.<\/p>\n\n\n\n<p><br>Minimalna ilo\u015b\u0107 uczestnik\u00f3w wynosi 6. W cenie \u015bwiadczymy przew\u00f3z os\u00f3b i sprz\u0119tu z Wigier lub Suwa\u0142k na miejsce rozpocz\u0119cia sp\u0142ywu i transport powrotny po zako\u0144czeniu sp\u0142ywu. Mo\u017cliwy jest r\u00f3wnie\u017c przyjazd we w\u0142asnym zakresie na miejsce rozpocz\u0119cia sp\u0142ywu do Ma\u0142ych Raczek .Miejsce w 2-osobowym kajaku wraz z osprz\u0119tem (kamizelka asekuracyjna, wios\u0142o, siedzisko). Mi\u0142\u0105 atmosfer\u0119 i pogod\u0119<\/p>\n\n\n\n<figure class=\"wp-block-image size-large is-resized\"><img loading=\"lazy\" decoding=\"async\" width=\"1024\" height=\"768\" src=\"https:\/\/kapikajak.pl\/wp\/wp-content\/uploads\/2024\/04\/Male-raczki-rospuda-1024x768.jpg\" alt=\"\" class=\"wp-image-299\" style=\"aspect-ratio:1;width:690px;height:auto\" srcset=\"https:\/\/kapikajak.pl\/wp\/wp-content\/uploads\/2024\/04\/Male-raczki-rospuda-1024x768.jpg 1024w, https:\/\/kapikajak.pl\/wp\/wp-content\/uploads\/2024\/04\/Male-raczki-rospuda-300x225.jpg 300w, https:\/\/kapikajak.pl\/wp\/wp-content\/uploads\/2024\/04\/Male-raczki-rospuda-768x576.jpg 768w, https:\/\/kapikajak.pl\/wp\/wp-content\/uploads\/2024\/04\/Male-raczki-rospuda-1536x1152.jpg 1536w, https:\/\/kapikajak.pl\/wp\/wp-content\/uploads\/2024\/04\/Male-raczki-rospuda-2048x1536.jpg 2048w\" sizes=\"(max-width: 1024px) 100vw, 1024px\" \/><\/figure>\n","protected":false},"excerpt":{"rendered":"<p>Rospuda stanowi g\u00f3rny bieg rzeki Netty, prawego dop\u0142ywu Biebrzy. Rzeka przep\u0142ywa w kierunku po\u0142udniowym i po\u0142udniowo-wschodnim przez \u0142a\u0144cuch 9 w\u0105skich, polodowcowych jezior: Rospuda Filipowska, Jezioro Kamienne, Jezioro D\u0142ugie, Garbas, Jezioro G\u0142\u0119bokie, Sumowo Baka\u0142arzewskie, Jezioro Okr\u0105g\u0142e, Bolesty i Rospuda Augustowska, do kt\u00f3rego uchodzi. W g\u00f3rnym biegu, na odcinkach pomi\u0119dzy jeziorami, Rospuda ma w\u0105skie i kr\u0119te koryto, &hellip; <a href=\"https:\/\/kapikajak.pl\/wp\/?page_id=98\" class=\"more-link\">Czytaj dalej <span class=\"screen-reader-text\">Rospuda<\/span><\/a><\/p>\n","protected":false},"author":2,"featured_media":0,"parent":0,"menu_order":0,"comment_status":"closed","ping_status":"closed","template":"","meta":{"_siteseo_robots_primary_cat":"","footnotes":""},"_links":{"self":[{"href":"https:\/\/kapikajak.pl\/wp\/index.php?rest_route=\/wp\/v2\/pages\/98"}],"collection":[{"href":"https:\/\/kapikajak.pl\/wp\/index.php?rest_route=\/wp\/v2\/pages"}],"about":[{"href":"https:\/\/kapikajak.pl\/wp\/index.php?rest_route=\/wp\/v2\/types\/page"}],"author":[{"embeddable":true,"href":"https:\/\/kapikajak.pl\/wp\/index.php?rest_route=\/wp\/v2\/users\/2"}],"replies":[{"embeddable":true,"href":"https:\/\/kapikajak.pl\/wp\/index.php?rest_route=%2Fwp%2Fv2%2Fcomments&post=98"}],"version-history":[{"count":1,"href":"https:\/\/kapikajak.pl\/wp\/index.php?rest_route=\/wp\/v2\/pages\/98\/revisions"}],"predecessor-version":[{"id":303,"href":"https:\/\/kapikajak.pl\/wp\/index.php?rest_route=\/wp\/v2\/pages\/98\/revisions\/303"}],"wp:attachment":[{"href":"https:\/\/kapikajak.pl\/wp\/index.php?rest_route=%2Fwp%2Fv2%2Fmedia&parent=98"}],"curies":[{"name":"wp","href":"https:\/\/api.w.org\/{rel}","templated":true}]}}