{"id":495,"date":"2025-06-11T19:06:44","date_gmt":"2025-06-11T19:06:44","guid":{"rendered":"https:\/\/kapikajak.pl\/wp\/?page_id=495"},"modified":"2025-06-11T19:06:44","modified_gmt":"2025-06-11T19:06:44","slug":"splywy-z-obsluga-ratownikow-wodnych","status":"publish","type":"page","link":"https:\/\/kapikajak.pl\/wp\/?page_id=495","title":{"rendered":"Sp\u0142ywy z obs\u0142ug\u0105 ratownik\u00f3w wodnych"},"content":{"rendered":"<p>Zapraszamy grupy szkolne, m\u0142odzie\u017cowe i wszystkich, kt\u00f3rzy potrzebuj\u0105 obs\u0142ugi ratownik\u00f3w.<br \/>\nZapewniamy zabezpieczenie w postaci profesjonalnych ratownik\u00f3w wodnych.<br \/>\nPrzed rozpocz\u0119ciem sp\u0142ywu ratownik robi kr\u00f3tkie szkolenie jak zachowywa\u0107 si\u0119 na wodzie.<\/p>\n<div style=\"width: 660px;\" class=\"wp-video\"><!--[if lt IE 9]><script>document.createElement('video');<\/script><![endif]-->\n<video class=\"wp-video-shortcode\" id=\"video-495-1\" width=\"660\" height=\"371\" preload=\"metadata\" controls=\"controls\"><source type=\"video\/mp4\" src=\"https:\/\/kapikajak.pl\/wp\/wp-content\/uploads\/2025\/06\/VID_20250527_102442330-1.mp4?_=1\" \/><a href=\"https:\/\/kapikajak.pl\/wp\/wp-content\/uploads\/2025\/06\/VID_20250527_102442330-1.mp4\">https:\/\/kapikajak.pl\/wp\/wp-content\/uploads\/2025\/06\/VID_20250527_102442330-1.mp4<\/a><\/video><\/div>\n<p>Ich wiedza i do\u015bwiadczenie jest bardzo pomocne, dlatego serdecznie polecamy.<\/p>\n","protected":false},"excerpt":{"rendered":"<p>Zapraszamy grupy szkolne, m\u0142odzie\u017cowe i wszystkich, kt\u00f3rzy potrzebuj\u0105 obs\u0142ugi ratownik\u00f3w. Zapewniamy zabezpieczenie w postaci profesjonalnych ratownik\u00f3w wodnych. Przed rozpocz\u0119ciem sp\u0142ywu ratownik robi kr\u00f3tkie szkolenie jak zachowywa\u0107 si\u0119 na wodzie. Ich wiedza i do\u015bwiadczenie jest bardzo pomocne, dlatego serdecznie polecamy.<\/p>\n","protected":false},"author":1,"featured_media":0,"parent":0,"menu_order":0,"comment_status":"closed","ping_status":"closed","template":"","meta":{"_siteseo_robots_primary_cat":"","footnotes":""},"_links":{"self":[{"href":"https:\/\/kapikajak.pl\/wp\/index.php?rest_route=\/wp\/v2\/pages\/495"}],"collection":[{"href":"https:\/\/kapikajak.pl\/wp\/index.php?rest_route=\/wp\/v2\/pages"}],"about":[{"href":"https:\/\/kapikajak.pl\/wp\/index.php?rest_route=\/wp\/v2\/types\/page"}],"author":[{"embeddable":true,"href":"https:\/\/kapikajak.pl\/wp\/index.php?rest_route=\/wp\/v2\/users\/1"}],"replies":[{"embeddable":true,"href":"https:\/\/kapikajak.pl\/wp\/index.php?rest_route=%2Fwp%2Fv2%2Fcomments&post=495"}],"version-history":[{"count":1,"href":"https:\/\/kapikajak.pl\/wp\/index.php?rest_route=\/wp\/v2\/pages\/495\/revisions"}],"predecessor-version":[{"id":498,"href":"https:\/\/kapikajak.pl\/wp\/index.php?rest_route=\/wp\/v2\/pages\/495\/revisions\/498"}],"wp:attachment":[{"href":"https:\/\/kapikajak.pl\/wp\/index.php?rest_route=%2Fwp%2Fv2%2Fmedia&parent=495"}],"curies":[{"name":"wp","href":"https:\/\/api.w.org\/{rel}","templated":true}]}}