{"id":279,"date":"2023-04-05T19:41:42","date_gmt":"2023-04-05T19:41:42","guid":{"rendered":"https:\/\/kapikajak.pl\/?page_id=279"},"modified":"2024-04-12T20:39:52","modified_gmt":"2024-04-12T20:39:52","slug":"lazna-struga","status":"publish","type":"page","link":"https:\/\/kapikajak.pl\/wp\/?page_id=279","title":{"rendered":"\u0141a\u017ana Struga"},"content":{"rendered":"\n<p>\u0141a\u017ana Struga jest do\u015b\u0107 dzik\u0105 rzek\u0105, ma\u0142o zagospodarowan\u0105 turystycznie, lecz bardzo pi\u0119kn\u0105.<\/p>\n\n\n\n<p>Polecana przez nas trasa to jezioro Litygajno &#8211; E\u0142k (47 km) i jest to odcinek akurat na sp\u0142yw weekendowy (3 dni), mo\u017cna kontynuowa\u0107 dalej rzek\u0105 E\u0142k i rozszerzy\u0107 do 6-7 dni.<\/p>\n\n\n\n<p>Zapraszamy !<\/p>\n\n\n\n<figure class=\"wp-block-image size-full is-resized\"><img loading=\"lazy\" decoding=\"async\" width=\"1200\" height=\"1600\" src=\"https:\/\/kapikajak.pl\/wp\/wp-content\/uploads\/2024\/04\/IMG_20210622_102223081_HDR.jpg\" alt=\"\" class=\"wp-image-314\" style=\"width:690px;height:920px\" srcset=\"https:\/\/kapikajak.pl\/wp\/wp-content\/uploads\/2024\/04\/IMG_20210622_102223081_HDR.jpg 1200w, https:\/\/kapikajak.pl\/wp\/wp-content\/uploads\/2024\/04\/IMG_20210622_102223081_HDR-225x300.jpg 225w, https:\/\/kapikajak.pl\/wp\/wp-content\/uploads\/2024\/04\/IMG_20210622_102223081_HDR-768x1024.jpg 768w, https:\/\/kapikajak.pl\/wp\/wp-content\/uploads\/2024\/04\/IMG_20210622_102223081_HDR-1152x1536.jpg 1152w\" sizes=\"(max-width: 1200px) 100vw, 1200px\" \/><\/figure>\n\n\n\n<p><\/p>\n\n\n\n<figure class=\"wp-block-image size-large\"><img loading=\"lazy\" decoding=\"async\" width=\"768\" height=\"1024\" src=\"https:\/\/kapikajak.pl\/wp\/wp-content\/uploads\/2024\/04\/IMG_20210622_102142941_HDR-768x1024.jpg\" alt=\"\" class=\"wp-image-313\" srcset=\"https:\/\/kapikajak.pl\/wp\/wp-content\/uploads\/2024\/04\/IMG_20210622_102142941_HDR-768x1024.jpg 768w, https:\/\/kapikajak.pl\/wp\/wp-content\/uploads\/2024\/04\/IMG_20210622_102142941_HDR-225x300.jpg 225w, https:\/\/kapikajak.pl\/wp\/wp-content\/uploads\/2024\/04\/IMG_20210622_102142941_HDR-1152x1536.jpg 1152w, https:\/\/kapikajak.pl\/wp\/wp-content\/uploads\/2024\/04\/IMG_20210622_102142941_HDR.jpg 1200w\" sizes=\"(max-width: 768px) 100vw, 768px\" \/><\/figure>\n\n\n\n<p><\/p>\n\n\n\n<figure class=\"wp-block-image size-large\"><img loading=\"lazy\" decoding=\"async\" width=\"768\" height=\"1024\" src=\"https:\/\/kapikajak.pl\/wp\/wp-content\/uploads\/2024\/04\/IMG_20210622_102122973_HDR-768x1024.jpg\" alt=\"\" class=\"wp-image-312\" srcset=\"https:\/\/kapikajak.pl\/wp\/wp-content\/uploads\/2024\/04\/IMG_20210622_102122973_HDR-768x1024.jpg 768w, https:\/\/kapikajak.pl\/wp\/wp-content\/uploads\/2024\/04\/IMG_20210622_102122973_HDR-225x300.jpg 225w, https:\/\/kapikajak.pl\/wp\/wp-content\/uploads\/2024\/04\/IMG_20210622_102122973_HDR-1152x1536.jpg 1152w, https:\/\/kapikajak.pl\/wp\/wp-content\/uploads\/2024\/04\/IMG_20210622_102122973_HDR.jpg 1200w\" sizes=\"(max-width: 768px) 100vw, 768px\" \/><\/figure>\n","protected":false},"excerpt":{"rendered":"<p>\u0141a\u017ana Struga jest do\u015b\u0107 dzik\u0105 rzek\u0105, ma\u0142o zagospodarowan\u0105 turystycznie, lecz bardzo pi\u0119kn\u0105. Polecana przez nas trasa to jezioro Litygajno &#8211; E\u0142k (47 km) i jest to odcinek akurat na sp\u0142yw weekendowy (3 dni), mo\u017cna kontynuowa\u0107 dalej rzek\u0105 E\u0142k i rozszerzy\u0107 do 6-7 dni. Zapraszamy !<\/p>\n","protected":false},"author":2,"featured_media":0,"parent":0,"menu_order":0,"comment_status":"closed","ping_status":"closed","template":"","meta":{"_siteseo_robots_primary_cat":"","footnotes":""},"_links":{"self":[{"href":"https:\/\/kapikajak.pl\/wp\/index.php?rest_route=\/wp\/v2\/pages\/279"}],"collection":[{"href":"https:\/\/kapikajak.pl\/wp\/index.php?rest_route=\/wp\/v2\/pages"}],"about":[{"href":"https:\/\/kapikajak.pl\/wp\/index.php?rest_route=\/wp\/v2\/types\/page"}],"author":[{"embeddable":true,"href":"https:\/\/kapikajak.pl\/wp\/index.php?rest_route=\/wp\/v2\/users\/2"}],"replies":[{"embeddable":true,"href":"https:\/\/kapikajak.pl\/wp\/index.php?rest_route=%2Fwp%2Fv2%2Fcomments&post=279"}],"version-history":[{"count":1,"href":"https:\/\/kapikajak.pl\/wp\/index.php?rest_route=\/wp\/v2\/pages\/279\/revisions"}],"predecessor-version":[{"id":315,"href":"https:\/\/kapikajak.pl\/wp\/index.php?rest_route=\/wp\/v2\/pages\/279\/revisions\/315"}],"wp:attachment":[{"href":"https:\/\/kapikajak.pl\/wp\/index.php?rest_route=%2Fwp%2Fv2%2Fmedia&parent=279"}],"curies":[{"name":"wp","href":"https:\/\/api.w.org\/{rel}","templated":true}]}}