{"id":223,"date":"2022-04-10T22:40:21","date_gmt":"2022-04-10T22:40:21","guid":{"rendered":"https:\/\/kapikajak.pl\/?page_id=223"},"modified":"2024-04-14T16:45:54","modified_gmt":"2024-04-14T16:45:54","slug":"kompleksowe-splywy-po-litwie","status":"publish","type":"page","link":"https:\/\/kapikajak.pl\/wp\/?page_id=223","title":{"rendered":"Kompleksowe sp\u0142ywy po Litwie"},"content":{"rendered":"\n<p>Organizujemy kompleksowe sp\u0142ywy, kt\u00f3re obejmuj\u0105 nie tylko wynaj\u0119cie sprz\u0119tu, transportu, przewozu baga\u017cy, obs\u0142ugi kierowcy, ale r\u00f3wnie\u017c za\u0142atwiamy wszelkie formalno\u015bci z biwakami, biletami wst\u0119pu, saun jak r\u00f3wnie\u017c zapewniamy ca\u0142odzienne wy\u017cywienie. Serdecznie zapraszamy do skorzystania z tego typu oferty.<\/p>\n\n\n\n<p><strong>Oprucz standardowych nocleg\u00f3w na polach namiotowych, mo\u017cemy r\u00f3wnie\u017c przenocowa\u0107 w domkach:<\/strong><\/p>\n\n\n\n<figure class=\"wp-block-image size-large\"><img loading=\"lazy\" decoding=\"async\" width=\"1024\" height=\"576\" src=\"https:\/\/kapikajak.pl\/wp\/wp-content\/uploads\/2024\/04\/g1-1024x576.jpg\" alt=\"\" class=\"wp-image-436\" srcset=\"https:\/\/kapikajak.pl\/wp\/wp-content\/uploads\/2024\/04\/g1-1024x576.jpg 1024w, https:\/\/kapikajak.pl\/wp\/wp-content\/uploads\/2024\/04\/g1-300x169.jpg 300w, https:\/\/kapikajak.pl\/wp\/wp-content\/uploads\/2024\/04\/g1-768x432.jpg 768w, https:\/\/kapikajak.pl\/wp\/wp-content\/uploads\/2024\/04\/g1-1536x864.jpg 1536w, https:\/\/kapikajak.pl\/wp\/wp-content\/uploads\/2024\/04\/g1-2048x1152.jpg 2048w\" sizes=\"(max-width: 1024px) 100vw, 1024px\" \/><\/figure>\n\n\n\n<p><\/p>\n\n\n\n<p><strong>Na, kt\u00f3rych mo\u017cna skorzysta\u0107 z sauny, czy balii :<\/strong><\/p>\n\n\n\n<figure class=\"wp-block-image size-large\"><img loading=\"lazy\" decoding=\"async\" width=\"1024\" height=\"768\" src=\"https:\/\/kapikajak.pl\/wp\/wp-content\/uploads\/2024\/04\/g2-1024x768.jpg\" alt=\"\" class=\"wp-image-437\" srcset=\"https:\/\/kapikajak.pl\/wp\/wp-content\/uploads\/2024\/04\/g2-1024x768.jpg 1024w, https:\/\/kapikajak.pl\/wp\/wp-content\/uploads\/2024\/04\/g2-300x225.jpg 300w, https:\/\/kapikajak.pl\/wp\/wp-content\/uploads\/2024\/04\/g2-768x576.jpg 768w, https:\/\/kapikajak.pl\/wp\/wp-content\/uploads\/2024\/04\/g2-1536x1152.jpg 1536w, https:\/\/kapikajak.pl\/wp\/wp-content\/uploads\/2024\/04\/g2-2048x1536.jpg 2048w\" sizes=\"(max-width: 1024px) 100vw, 1024px\" \/><\/figure>\n\n\n\n<p><\/p>\n\n\n\n<p><strong>A Pa\u0144stwa baga\u017ce, s\u0105 bezpiecznie przewo\u017cone z biwaku na biwak:<\/strong><\/p>\n\n\n\n<figure class=\"wp-block-image size-full\"><img decoding=\"async\" src=\"https:\/\/kapikajak.pl\/wp\/wp-content\/uploads\/2024\/04\/g3.jpg\" alt=\"\" class=\"wp-image-438\"\/><\/figure>\n\n\n\n<p><\/p>\n\n\n\n<p><strong>O pe\u0142ne wy\u017cywienie zadba nasz zaprzyja\u017aniony litewski kucharz, dost\u0119pne w opcji s\u0105: \u015bniadania, obiadokolacjie i bankiety. Oczywi\u015bcie jest to tak\u017ce podr\u00f3\u017c kulinarna, gdy\u017c mo\u017cemy sprubowa\u0107 kuchni litewskiej i jej specja\u0142\u00f3w:<\/strong><\/p>\n\n\n\n<figure class=\"wp-block-image size-large\"><img loading=\"lazy\" decoding=\"async\" width=\"576\" height=\"1024\" src=\"https:\/\/kapikajak.pl\/wp\/wp-content\/uploads\/2024\/04\/g4-576x1024.jpg\" alt=\"\" class=\"wp-image-439\" srcset=\"https:\/\/kapikajak.pl\/wp\/wp-content\/uploads\/2024\/04\/g4-576x1024.jpg 576w, https:\/\/kapikajak.pl\/wp\/wp-content\/uploads\/2024\/04\/g4-169x300.jpg 169w, https:\/\/kapikajak.pl\/wp\/wp-content\/uploads\/2024\/04\/g4-768x1365.jpg 768w, https:\/\/kapikajak.pl\/wp\/wp-content\/uploads\/2024\/04\/g4-864x1536.jpg 864w, https:\/\/kapikajak.pl\/wp\/wp-content\/uploads\/2024\/04\/g4-1152x2048.jpg 1152w, https:\/\/kapikajak.pl\/wp\/wp-content\/uploads\/2024\/04\/g4-scaled.jpg 1440w\" sizes=\"(max-width: 576px) 100vw, 576px\" \/><\/figure>\n\n\n\n<p><\/p>\n\n\n\n<p><strong>Na zdj\u0119ciu, przygotowywana zupa piwna:<\/strong><\/p>\n\n\n\n<figure class=\"wp-block-image size-large\"><img loading=\"lazy\" decoding=\"async\" width=\"576\" height=\"1024\" src=\"https:\/\/kapikajak.pl\/wp\/wp-content\/uploads\/2024\/04\/g5-576x1024.jpg\" alt=\"\" class=\"wp-image-440\" srcset=\"https:\/\/kapikajak.pl\/wp\/wp-content\/uploads\/2024\/04\/g5-576x1024.jpg 576w, https:\/\/kapikajak.pl\/wp\/wp-content\/uploads\/2024\/04\/g5-169x300.jpg 169w, https:\/\/kapikajak.pl\/wp\/wp-content\/uploads\/2024\/04\/g5-768x1365.jpg 768w, https:\/\/kapikajak.pl\/wp\/wp-content\/uploads\/2024\/04\/g5-864x1536.jpg 864w, https:\/\/kapikajak.pl\/wp\/wp-content\/uploads\/2024\/04\/g5-1152x2048.jpg 1152w, https:\/\/kapikajak.pl\/wp\/wp-content\/uploads\/2024\/04\/g5-scaled.jpg 1440w\" sizes=\"(max-width: 576px) 100vw, 576px\" \/><\/figure>\n\n\n\n<p><\/p>\n\n\n\n<p><strong>Pola namiotowe r\u00f3wnie\u017c s\u0105 bardzo urokliwe:<\/strong><\/p>\n\n\n\n<figure class=\"wp-block-image size-large\"><img loading=\"lazy\" decoding=\"async\" width=\"1024\" height=\"768\" src=\"https:\/\/kapikajak.pl\/wp\/wp-content\/uploads\/2024\/04\/sw4-1024x768.jpg\" alt=\"\" class=\"wp-image-319\" srcset=\"https:\/\/kapikajak.pl\/wp\/wp-content\/uploads\/2024\/04\/sw4-1024x768.jpg 1024w, https:\/\/kapikajak.pl\/wp\/wp-content\/uploads\/2024\/04\/sw4-300x225.jpg 300w, https:\/\/kapikajak.pl\/wp\/wp-content\/uploads\/2024\/04\/sw4-768x576.jpg 768w, https:\/\/kapikajak.pl\/wp\/wp-content\/uploads\/2024\/04\/sw4-1536x1152.jpg 1536w, https:\/\/kapikajak.pl\/wp\/wp-content\/uploads\/2024\/04\/sw4-2048x1536.jpg 2048w\" sizes=\"(max-width: 1024px) 100vw, 1024px\" \/><\/figure>\n\n\n\n<p><\/p>\n\n\n\n<p><strong>My zajmiemy si\u0119 wszystkim, a Pa\u0144stwo mog\u0105 podziwia\u0107 dzik\u0105 przyrod\u0119 i mi\u0119dzy innymi takie widoki:<\/strong><\/p>\n\n\n\n<figure class=\"wp-block-image size-large is-resized\"><img loading=\"lazy\" decoding=\"async\" width=\"1024\" height=\"576\" src=\"https:\/\/kapikajak.pl\/wp\/wp-content\/uploads\/2024\/04\/g7-1024x576.jpg\" alt=\"\" class=\"wp-image-435\" style=\"aspect-ratio:1;width:690px;height:auto\" srcset=\"https:\/\/kapikajak.pl\/wp\/wp-content\/uploads\/2024\/04\/g7-1024x576.jpg 1024w, https:\/\/kapikajak.pl\/wp\/wp-content\/uploads\/2024\/04\/g7-300x169.jpg 300w, https:\/\/kapikajak.pl\/wp\/wp-content\/uploads\/2024\/04\/g7-768x432.jpg 768w, https:\/\/kapikajak.pl\/wp\/wp-content\/uploads\/2024\/04\/g7-1536x864.jpg 1536w, https:\/\/kapikajak.pl\/wp\/wp-content\/uploads\/2024\/04\/g7-2048x1152.jpg 2048w\" sizes=\"(max-width: 1024px) 100vw, 1024px\" \/><\/figure>\n\n\n\n<p><\/p>\n\n\n\n<h2 class=\"wp-block-heading\"><strong>Zapraszamy !<\/strong><\/h2>\n\n\n\n<p><\/p>\n","protected":false},"excerpt":{"rendered":"<p>Organizujemy kompleksowe sp\u0142ywy, kt\u00f3re obejmuj\u0105 nie tylko wynaj\u0119cie sprz\u0119tu, transportu, przewozu baga\u017cy, obs\u0142ugi kierowcy, ale r\u00f3wnie\u017c za\u0142atwiamy wszelkie formalno\u015bci z biwakami, biletami wst\u0119pu, saun jak r\u00f3wnie\u017c zapewniamy ca\u0142odzienne wy\u017cywienie. Serdecznie zapraszamy do skorzystania z tego typu oferty. Oprucz standardowych nocleg\u00f3w na polach namiotowych, mo\u017cemy r\u00f3wnie\u017c przenocowa\u0107 w domkach: Na, kt\u00f3rych mo\u017cna skorzysta\u0107 z sauny, czy &hellip; <a href=\"https:\/\/kapikajak.pl\/wp\/?page_id=223\" class=\"more-link\">Czytaj dalej <span class=\"screen-reader-text\">Kompleksowe sp\u0142ywy po Litwie<\/span><\/a><\/p>\n","protected":false},"author":2,"featured_media":0,"parent":0,"menu_order":0,"comment_status":"closed","ping_status":"closed","template":"","meta":{"_siteseo_robots_primary_cat":"","footnotes":""},"_links":{"self":[{"href":"https:\/\/kapikajak.pl\/wp\/index.php?rest_route=\/wp\/v2\/pages\/223"}],"collection":[{"href":"https:\/\/kapikajak.pl\/wp\/index.php?rest_route=\/wp\/v2\/pages"}],"about":[{"href":"https:\/\/kapikajak.pl\/wp\/index.php?rest_route=\/wp\/v2\/types\/page"}],"author":[{"embeddable":true,"href":"https:\/\/kapikajak.pl\/wp\/index.php?rest_route=\/wp\/v2\/users\/2"}],"replies":[{"embeddable":true,"href":"https:\/\/kapikajak.pl\/wp\/index.php?rest_route=%2Fwp%2Fv2%2Fcomments&post=223"}],"version-history":[{"count":2,"href":"https:\/\/kapikajak.pl\/wp\/index.php?rest_route=\/wp\/v2\/pages\/223\/revisions"}],"predecessor-version":[{"id":442,"href":"https:\/\/kapikajak.pl\/wp\/index.php?rest_route=\/wp\/v2\/pages\/223\/revisions\/442"}],"wp:attachment":[{"href":"https:\/\/kapikajak.pl\/wp\/index.php?rest_route=%2Fwp%2Fv2%2Fmedia&parent=223"}],"curies":[{"name":"wp","href":"https:\/\/api.w.org\/{rel}","templated":true}]}}