{"id":202,"date":"2022-04-10T22:03:33","date_gmt":"2022-04-10T22:03:33","guid":{"rendered":"https:\/\/kapikajak.pl\/?page_id=202"},"modified":"2024-04-12T20:54:08","modified_gmt":"2024-04-12T20:54:08","slug":"zejmiana","status":"publish","type":"page","link":"https:\/\/kapikajak.pl\/wp\/?page_id=202","title":{"rendered":"\u017bejmiana"},"content":{"rendered":"\n<p><strong>\u017bejmiana <\/strong>(lit. \u017deimena) \u2013 rzeka na Litwie, na Auksztocie, w dorzeczu Niemna, prawy dop\u0142yw Wilii. Nad rzek\u0105 znajduj\u0105 si\u0119 miejscowo\u015bci Ko\u0142tyniany, Nowe \u015awi\u0119ciany i Podbrodzie. Pod \u015awi\u0119cianami nad \u017bejmian\u0105 dzieci\u0144stwo sp\u0119dzi\u0142 Andrzej Strumi\u0142\u0142o. Rzeka przep\u0142ywa przez Auksztocki Park Narodowy oraz jezioro \u017bejmiana (Jezioro Zejmia\u0144skie) o d\u0142ugo\u015bci 12 km i szeroko\u015bci ponad 1 km.<\/p>\n\n\n\n<figure class=\"wp-block-image size-large\"><img loading=\"lazy\" decoding=\"async\" width=\"1024\" height=\"768\" src=\"https:\/\/kapikajak.pl\/wp\/wp-content\/uploads\/2024\/04\/IMG_20200712_113927578-1024x768.jpg\" alt=\"\" class=\"wp-image-356\" srcset=\"https:\/\/kapikajak.pl\/wp\/wp-content\/uploads\/2024\/04\/IMG_20200712_113927578-1024x768.jpg 1024w, https:\/\/kapikajak.pl\/wp\/wp-content\/uploads\/2024\/04\/IMG_20200712_113927578-300x225.jpg 300w, https:\/\/kapikajak.pl\/wp\/wp-content\/uploads\/2024\/04\/IMG_20200712_113927578-768x576.jpg 768w, https:\/\/kapikajak.pl\/wp\/wp-content\/uploads\/2024\/04\/IMG_20200712_113927578-1536x1152.jpg 1536w, https:\/\/kapikajak.pl\/wp\/wp-content\/uploads\/2024\/04\/IMG_20200712_113927578-2048x1536.jpg 2048w\" sizes=\"(max-width: 1024px) 100vw, 1024px\" \/><\/figure>\n\n\n\n<p><\/p>\n\n\n\n<figure class=\"wp-block-image size-full\"><img decoding=\"async\" src=\"https:\/\/kapikajak.pl\/wp\/wp-content\/uploads\/2024\/04\/IMG_20200712_113951038.jpg\" alt=\"\" class=\"wp-image-357\"\/><\/figure>\n","protected":false},"excerpt":{"rendered":"<p>\u017bejmiana (lit. \u017deimena) \u2013 rzeka na Litwie, na Auksztocie, w dorzeczu Niemna, prawy dop\u0142yw Wilii. Nad rzek\u0105 znajduj\u0105 si\u0119 miejscowo\u015bci Ko\u0142tyniany, Nowe \u015awi\u0119ciany i Podbrodzie. Pod \u015awi\u0119cianami nad \u017bejmian\u0105 dzieci\u0144stwo sp\u0119dzi\u0142 Andrzej Strumi\u0142\u0142o. Rzeka przep\u0142ywa przez Auksztocki Park Narodowy oraz jezioro \u017bejmiana (Jezioro Zejmia\u0144skie) o d\u0142ugo\u015bci 12 km i szeroko\u015bci ponad 1 km.<\/p>\n","protected":false},"author":2,"featured_media":0,"parent":0,"menu_order":0,"comment_status":"closed","ping_status":"closed","template":"","meta":{"_siteseo_robots_primary_cat":"","footnotes":""},"_links":{"self":[{"href":"https:\/\/kapikajak.pl\/wp\/index.php?rest_route=\/wp\/v2\/pages\/202"}],"collection":[{"href":"https:\/\/kapikajak.pl\/wp\/index.php?rest_route=\/wp\/v2\/pages"}],"about":[{"href":"https:\/\/kapikajak.pl\/wp\/index.php?rest_route=\/wp\/v2\/types\/page"}],"author":[{"embeddable":true,"href":"https:\/\/kapikajak.pl\/wp\/index.php?rest_route=\/wp\/v2\/users\/2"}],"replies":[{"embeddable":true,"href":"https:\/\/kapikajak.pl\/wp\/index.php?rest_route=%2Fwp%2Fv2%2Fcomments&post=202"}],"version-history":[{"count":1,"href":"https:\/\/kapikajak.pl\/wp\/index.php?rest_route=\/wp\/v2\/pages\/202\/revisions"}],"predecessor-version":[{"id":358,"href":"https:\/\/kapikajak.pl\/wp\/index.php?rest_route=\/wp\/v2\/pages\/202\/revisions\/358"}],"wp:attachment":[{"href":"https:\/\/kapikajak.pl\/wp\/index.php?rest_route=%2Fwp%2Fv2%2Fmedia&parent=202"}],"curies":[{"name":"wp","href":"https:\/\/api.w.org\/{rel}","templated":true}]}}