{"id":196,"date":"2022-04-10T22:02:00","date_gmt":"2022-04-10T22:02:00","guid":{"rendered":"https:\/\/kapikajak.pl\/?page_id=196"},"modified":"2024-04-12T20:53:30","modified_gmt":"2024-04-12T20:53:30","slug":"biala-hancza","status":"publish","type":"page","link":"https:\/\/kapikajak.pl\/wp\/?page_id=196","title":{"rendered":"Bia\u0142a Ha\u0144cza"},"content":{"rendered":"\n<p><strong>Bia\u0142a Ha\u0144cza<\/strong> (lit. Baltoji An\u010dia) \u2013 rzeka w po\u0142udniowej cz\u0119\u015bci Litwy. Sw\u00f3j pocz\u0105tek bierze wyp\u0142ywaj\u0105c z jeziora Ha\u0144cza w rejonie \u0142o\u017adziejskim (Lazdijai), na terenie Wiejsiejskiego Parku Regionalnego. Pocz\u0105tkowo rzeka p\u0142ynie na po\u0142udniowy zach\u00f3d, jednak po mini\u0119ciu miasta Kopciowo (Kap\u010diamiestis) skr\u0119ca na wsch\u00f3d. W dalszym swoim biegu tworzy sztuczny zbiornik Bia\u0142a Ha\u0144cza powsta\u0142y poprzez spi\u0119trzenie rzeki przez elektrowni\u0119 wodn\u0105. Nast\u0119pnie p\u0142ynie na po\u0142udniowy wsch\u00f3d, po czym ko\u0144czy sw\u00f3j bieg uchodz\u0105c do Niemna na granicy z Bia\u0142orusi\u0105. Do pocz\u0105tku XX w. rzeka stanowi\u0142a granic\u0119 mi\u0119dzy osadnictwem polskim i litewskim.<\/p>\n\n\n\n<figure class=\"wp-block-image size-full\"><img loading=\"lazy\" decoding=\"async\" width=\"2560\" height=\"1440\" src=\"https:\/\/kapikajak.pl\/wp\/wp-content\/uploads\/2024\/04\/WP_20150717_16_04_13_Raw-scaled.jpg\" alt=\"\" class=\"wp-image-351\" srcset=\"https:\/\/kapikajak.pl\/wp\/wp-content\/uploads\/2024\/04\/WP_20150717_16_04_13_Raw-scaled.jpg 2560w, https:\/\/kapikajak.pl\/wp\/wp-content\/uploads\/2024\/04\/WP_20150717_16_04_13_Raw-300x169.jpg 300w, https:\/\/kapikajak.pl\/wp\/wp-content\/uploads\/2024\/04\/WP_20150717_16_04_13_Raw-1024x576.jpg 1024w, https:\/\/kapikajak.pl\/wp\/wp-content\/uploads\/2024\/04\/WP_20150717_16_04_13_Raw-768x432.jpg 768w, https:\/\/kapikajak.pl\/wp\/wp-content\/uploads\/2024\/04\/WP_20150717_16_04_13_Raw-1536x864.jpg 1536w, https:\/\/kapikajak.pl\/wp\/wp-content\/uploads\/2024\/04\/WP_20150717_16_04_13_Raw-2048x1152.jpg 2048w\" sizes=\"(max-width: 2560px) 100vw, 2560px\" \/><\/figure>\n\n\n\n<p><\/p>\n\n\n\n<p><strong>Rzeka osi\u0105ga d\u0142ugo\u015b\u0107 60 km. Tworzy 300\u2013500-metrow\u0105 dolin\u0119. Sama rzeka mierzy 8\u201312 metr\u00f3w szeroko\u015bci w biegu g\u00f3rnym oraz 15\u201320 metr\u00f3w w biegu dolnym.<\/strong><\/p>\n\n\n\n<figure class=\"wp-block-image size-large\"><img loading=\"lazy\" decoding=\"async\" width=\"1024\" height=\"576\" src=\"https:\/\/kapikajak.pl\/wp\/wp-content\/uploads\/2024\/04\/WP_20150717_18_30_00_Raw-1024x576.jpg\" alt=\"\" class=\"wp-image-352\" srcset=\"https:\/\/kapikajak.pl\/wp\/wp-content\/uploads\/2024\/04\/WP_20150717_18_30_00_Raw-1024x576.jpg 1024w, https:\/\/kapikajak.pl\/wp\/wp-content\/uploads\/2024\/04\/WP_20150717_18_30_00_Raw-300x169.jpg 300w, https:\/\/kapikajak.pl\/wp\/wp-content\/uploads\/2024\/04\/WP_20150717_18_30_00_Raw-768x432.jpg 768w, https:\/\/kapikajak.pl\/wp\/wp-content\/uploads\/2024\/04\/WP_20150717_18_30_00_Raw-1536x864.jpg 1536w, https:\/\/kapikajak.pl\/wp\/wp-content\/uploads\/2024\/04\/WP_20150717_18_30_00_Raw-2048x1152.jpg 2048w\" sizes=\"(max-width: 1024px) 100vw, 1024px\" \/><\/figure>\n\n\n\n<p><\/p>\n\n\n\n<p><strong>Szlak Bia\u0142ej Ha\u0144czy jest popularnym miejscem uprawiania turystyki kajakowej. Ze wzgl\u0119du na do\u015b\u0107 powolny nurt, nieliczne przeszkody i stosunkowo g\u0119sto rozmieszczone pola biwakowe, rzeka mo\u017ce by\u0107 celem sp\u0142yw\u00f3w weekendowych.<\/strong><\/p>\n\n\n\n<figure class=\"wp-block-image size-full\"><img loading=\"lazy\" decoding=\"async\" width=\"2560\" height=\"1440\" src=\"https:\/\/kapikajak.pl\/wp\/wp-content\/uploads\/2024\/04\/WP_20150718_13_08_00_Raw-scaled.jpg\" alt=\"\" class=\"wp-image-353\" srcset=\"https:\/\/kapikajak.pl\/wp\/wp-content\/uploads\/2024\/04\/WP_20150718_13_08_00_Raw-scaled.jpg 2560w, https:\/\/kapikajak.pl\/wp\/wp-content\/uploads\/2024\/04\/WP_20150718_13_08_00_Raw-300x169.jpg 300w, https:\/\/kapikajak.pl\/wp\/wp-content\/uploads\/2024\/04\/WP_20150718_13_08_00_Raw-1024x576.jpg 1024w, https:\/\/kapikajak.pl\/wp\/wp-content\/uploads\/2024\/04\/WP_20150718_13_08_00_Raw-768x432.jpg 768w, https:\/\/kapikajak.pl\/wp\/wp-content\/uploads\/2024\/04\/WP_20150718_13_08_00_Raw-1536x864.jpg 1536w, https:\/\/kapikajak.pl\/wp\/wp-content\/uploads\/2024\/04\/WP_20150718_13_08_00_Raw-2048x1152.jpg 2048w\" sizes=\"(max-width: 2560px) 100vw, 2560px\" \/><\/figure>\n","protected":false},"excerpt":{"rendered":"<p>Bia\u0142a Ha\u0144cza (lit. Baltoji An\u010dia) \u2013 rzeka w po\u0142udniowej cz\u0119\u015bci Litwy. Sw\u00f3j pocz\u0105tek bierze wyp\u0142ywaj\u0105c z jeziora Ha\u0144cza w rejonie \u0142o\u017adziejskim (Lazdijai), na terenie Wiejsiejskiego Parku Regionalnego. Pocz\u0105tkowo rzeka p\u0142ynie na po\u0142udniowy zach\u00f3d, jednak po mini\u0119ciu miasta Kopciowo (Kap\u010diamiestis) skr\u0119ca na wsch\u00f3d. W dalszym swoim biegu tworzy sztuczny zbiornik Bia\u0142a Ha\u0144cza powsta\u0142y poprzez spi\u0119trzenie rzeki &hellip; <a href=\"https:\/\/kapikajak.pl\/wp\/?page_id=196\" class=\"more-link\">Czytaj dalej <span class=\"screen-reader-text\">Bia\u0142a Ha\u0144cza<\/span><\/a><\/p>\n","protected":false},"author":2,"featured_media":0,"parent":0,"menu_order":0,"comment_status":"closed","ping_status":"closed","template":"","meta":{"_siteseo_robots_primary_cat":"","footnotes":""},"_links":{"self":[{"href":"https:\/\/kapikajak.pl\/wp\/index.php?rest_route=\/wp\/v2\/pages\/196"}],"collection":[{"href":"https:\/\/kapikajak.pl\/wp\/index.php?rest_route=\/wp\/v2\/pages"}],"about":[{"href":"https:\/\/kapikajak.pl\/wp\/index.php?rest_route=\/wp\/v2\/types\/page"}],"author":[{"embeddable":true,"href":"https:\/\/kapikajak.pl\/wp\/index.php?rest_route=\/wp\/v2\/users\/2"}],"replies":[{"embeddable":true,"href":"https:\/\/kapikajak.pl\/wp\/index.php?rest_route=%2Fwp%2Fv2%2Fcomments&post=196"}],"version-history":[{"count":1,"href":"https:\/\/kapikajak.pl\/wp\/index.php?rest_route=\/wp\/v2\/pages\/196\/revisions"}],"predecessor-version":[{"id":355,"href":"https:\/\/kapikajak.pl\/wp\/index.php?rest_route=\/wp\/v2\/pages\/196\/revisions\/355"}],"wp:attachment":[{"href":"https:\/\/kapikajak.pl\/wp\/index.php?rest_route=%2Fwp%2Fv2%2Fmedia&parent=196"}],"curies":[{"name":"wp","href":"https:\/\/api.w.org\/{rel}","templated":true}]}}