{"id":182,"date":"2022-04-10T21:58:19","date_gmt":"2022-04-10T21:58:19","guid":{"rendered":"https:\/\/kapikajak.pl\/?page_id=182"},"modified":"2024-04-12T20:44:23","modified_gmt":"2024-04-12T20:44:23","slug":"swieta","status":"publish","type":"page","link":"https:\/\/kapikajak.pl\/wp\/?page_id=182","title":{"rendered":"\u015awi\u0119ta"},"content":{"rendered":"\n<p><strong>\u015awi\u0119ta <\/strong>\u2013 najwi\u0119kszy dop\u0142yw rzeki Neris, jej d\u0142ugo\u015b\u0107 to 246 km i p\u0142ynie tylko na terytorium Litwy, jej nachylenie to 0,49m\/km. Rzeka sp\u0142ywa na zach\u00f3d od \u015brodkowej Litwy, a jej brzegi s\u0105 bardzo malownicze. Nasza proponowana trasa to start z mostu drogowego Utena-Kupiskis do uj\u015bcia rzeki Neris 136,8 km.<\/p>\n\n\n\n<figure class=\"wp-block-image size-large\"><img loading=\"lazy\" decoding=\"async\" width=\"1024\" height=\"768\" src=\"https:\/\/kapikajak.pl\/wp\/wp-content\/uploads\/2024\/04\/sw1-1024x768.jpg\" alt=\"\" class=\"wp-image-316\" srcset=\"https:\/\/kapikajak.pl\/wp\/wp-content\/uploads\/2024\/04\/sw1-1024x768.jpg 1024w, https:\/\/kapikajak.pl\/wp\/wp-content\/uploads\/2024\/04\/sw1-300x225.jpg 300w, https:\/\/kapikajak.pl\/wp\/wp-content\/uploads\/2024\/04\/sw1-768x576.jpg 768w, https:\/\/kapikajak.pl\/wp\/wp-content\/uploads\/2024\/04\/sw1-1536x1152.jpg 1536w, https:\/\/kapikajak.pl\/wp\/wp-content\/uploads\/2024\/04\/sw1-2048x1536.jpg 2048w\" sizes=\"(max-width: 1024px) 100vw, 1024px\" \/><\/figure>\n\n\n\n<p><\/p>\n\n\n\n<figure class=\"wp-block-image size-large\"><img loading=\"lazy\" decoding=\"async\" width=\"1024\" height=\"768\" src=\"https:\/\/kapikajak.pl\/wp\/wp-content\/uploads\/2024\/04\/sw2-1024x768.jpg\" alt=\"\" class=\"wp-image-317\" srcset=\"https:\/\/kapikajak.pl\/wp\/wp-content\/uploads\/2024\/04\/sw2-1024x768.jpg 1024w, https:\/\/kapikajak.pl\/wp\/wp-content\/uploads\/2024\/04\/sw2-300x225.jpg 300w, https:\/\/kapikajak.pl\/wp\/wp-content\/uploads\/2024\/04\/sw2-768x576.jpg 768w, https:\/\/kapikajak.pl\/wp\/wp-content\/uploads\/2024\/04\/sw2-1536x1152.jpg 1536w, https:\/\/kapikajak.pl\/wp\/wp-content\/uploads\/2024\/04\/sw2-2048x1536.jpg 2048w\" sizes=\"(max-width: 1024px) 100vw, 1024px\" \/><\/figure>\n\n\n\n<p><\/p>\n\n\n\n<figure class=\"wp-block-image size-full\"><img loading=\"lazy\" decoding=\"async\" width=\"2560\" height=\"1920\" src=\"https:\/\/kapikajak.pl\/wp\/wp-content\/uploads\/2024\/04\/sw3-scaled.jpg\" alt=\"\" class=\"wp-image-318\" srcset=\"https:\/\/kapikajak.pl\/wp\/wp-content\/uploads\/2024\/04\/sw3-scaled.jpg 2560w, https:\/\/kapikajak.pl\/wp\/wp-content\/uploads\/2024\/04\/sw3-300x225.jpg 300w, https:\/\/kapikajak.pl\/wp\/wp-content\/uploads\/2024\/04\/sw3-1024x768.jpg 1024w, https:\/\/kapikajak.pl\/wp\/wp-content\/uploads\/2024\/04\/sw3-768x576.jpg 768w, https:\/\/kapikajak.pl\/wp\/wp-content\/uploads\/2024\/04\/sw3-1536x1152.jpg 1536w, https:\/\/kapikajak.pl\/wp\/wp-content\/uploads\/2024\/04\/sw3-2048x1536.jpg 2048w\" sizes=\"(max-width: 2560px) 100vw, 2560px\" \/><\/figure>\n\n\n\n<p><\/p>\n\n\n\n<p><strong>Rzeka jest bardzo malownicza, a co za tym idzie campingi r\u00f3wnie\u017c:<\/strong><\/p>\n\n\n\n<figure class=\"wp-block-image size-large\"><img loading=\"lazy\" decoding=\"async\" width=\"1024\" height=\"768\" src=\"https:\/\/kapikajak.pl\/wp\/wp-content\/uploads\/2024\/04\/sw4-1024x768.jpg\" alt=\"\" class=\"wp-image-319\" srcset=\"https:\/\/kapikajak.pl\/wp\/wp-content\/uploads\/2024\/04\/sw4-1024x768.jpg 1024w, https:\/\/kapikajak.pl\/wp\/wp-content\/uploads\/2024\/04\/sw4-300x225.jpg 300w, https:\/\/kapikajak.pl\/wp\/wp-content\/uploads\/2024\/04\/sw4-768x576.jpg 768w, https:\/\/kapikajak.pl\/wp\/wp-content\/uploads\/2024\/04\/sw4-1536x1152.jpg 1536w, https:\/\/kapikajak.pl\/wp\/wp-content\/uploads\/2024\/04\/sw4-2048x1536.jpg 2048w\" sizes=\"(max-width: 1024px) 100vw, 1024px\" \/><\/figure>\n\n\n\n<p><\/p>\n\n\n\n<p><strong>Mo\u017cemy r\u00f3wnie\u017c nocowa\u0107 w domkach:<\/strong><\/p>\n\n\n\n<figure class=\"wp-block-image size-large\"><img loading=\"lazy\" decoding=\"async\" width=\"1024\" height=\"768\" src=\"https:\/\/kapikajak.pl\/wp\/wp-content\/uploads\/2024\/04\/sw5-1024x768.jpg\" alt=\"\" class=\"wp-image-320\" srcset=\"https:\/\/kapikajak.pl\/wp\/wp-content\/uploads\/2024\/04\/sw5-1024x768.jpg 1024w, https:\/\/kapikajak.pl\/wp\/wp-content\/uploads\/2024\/04\/sw5-300x225.jpg 300w, https:\/\/kapikajak.pl\/wp\/wp-content\/uploads\/2024\/04\/sw5-768x576.jpg 768w, https:\/\/kapikajak.pl\/wp\/wp-content\/uploads\/2024\/04\/sw5-1536x1152.jpg 1536w, https:\/\/kapikajak.pl\/wp\/wp-content\/uploads\/2024\/04\/sw5-2048x1536.jpg 2048w\" sizes=\"(max-width: 1024px) 100vw, 1024px\" \/><\/figure>\n\n\n\n<p><\/p>\n\n\n\n<p><strong>A Pa\u0144stwa baga\u017ce s\u0105 przewo\u017cone z miejsca na miejsce:<\/strong><\/p>\n\n\n\n<figure class=\"wp-block-image size-large\"><img loading=\"lazy\" decoding=\"async\" width=\"1024\" height=\"768\" src=\"https:\/\/kapikajak.pl\/wp\/wp-content\/uploads\/2024\/04\/sw6-1024x768.jpg\" alt=\"\" class=\"wp-image-322\" srcset=\"https:\/\/kapikajak.pl\/wp\/wp-content\/uploads\/2024\/04\/sw6-1024x768.jpg 1024w, https:\/\/kapikajak.pl\/wp\/wp-content\/uploads\/2024\/04\/sw6-300x225.jpg 300w, https:\/\/kapikajak.pl\/wp\/wp-content\/uploads\/2024\/04\/sw6-768x576.jpg 768w, https:\/\/kapikajak.pl\/wp\/wp-content\/uploads\/2024\/04\/sw6-1536x1152.jpg 1536w, https:\/\/kapikajak.pl\/wp\/wp-content\/uploads\/2024\/04\/sw6-2048x1536.jpg 2048w\" sizes=\"(max-width: 1024px) 100vw, 1024px\" \/><\/figure>\n\n\n\n<p><\/p>\n\n\n\n<p><strong>Nie trzeba nawet zna\u0107 trasy, gdy\u017c koniec etapu jest oznaczony flag\u0105 z logo firmy i jest to znak do zatrzymania, my czuwamy, a Pa\u0144stwo delektuj\u0105 si\u0119 p\u0142yni\u0119ciem i podziwianiem przyrody:<\/strong><\/p>\n\n\n\n<figure class=\"wp-block-image size-large\"><img loading=\"lazy\" decoding=\"async\" width=\"1024\" height=\"768\" src=\"https:\/\/kapikajak.pl\/wp\/wp-content\/uploads\/2024\/04\/sw7-1024x768.jpg\" alt=\"\" class=\"wp-image-323\" srcset=\"https:\/\/kapikajak.pl\/wp\/wp-content\/uploads\/2024\/04\/sw7-1024x768.jpg 1024w, https:\/\/kapikajak.pl\/wp\/wp-content\/uploads\/2024\/04\/sw7-300x225.jpg 300w, https:\/\/kapikajak.pl\/wp\/wp-content\/uploads\/2024\/04\/sw7-768x576.jpg 768w, https:\/\/kapikajak.pl\/wp\/wp-content\/uploads\/2024\/04\/sw7-1536x1152.jpg 1536w, https:\/\/kapikajak.pl\/wp\/wp-content\/uploads\/2024\/04\/sw7-2048x1536.jpg 2048w\" sizes=\"(max-width: 1024px) 100vw, 1024px\" \/><\/figure>\n\n\n\n<p><\/p>\n\n\n\n<p><strong>Na campingach mo\u017cna skorzysta\u0107 z bali lub saun:<\/strong><\/p>\n\n\n\n<figure class=\"wp-block-image size-large\"><img loading=\"lazy\" decoding=\"async\" width=\"1024\" height=\"768\" src=\"https:\/\/kapikajak.pl\/wp\/wp-content\/uploads\/2024\/04\/sw8-1024x768.jpg\" alt=\"\" class=\"wp-image-324\" srcset=\"https:\/\/kapikajak.pl\/wp\/wp-content\/uploads\/2024\/04\/sw8-1024x768.jpg 1024w, https:\/\/kapikajak.pl\/wp\/wp-content\/uploads\/2024\/04\/sw8-300x225.jpg 300w, https:\/\/kapikajak.pl\/wp\/wp-content\/uploads\/2024\/04\/sw8-768x576.jpg 768w, https:\/\/kapikajak.pl\/wp\/wp-content\/uploads\/2024\/04\/sw8-1536x1152.jpg 1536w, https:\/\/kapikajak.pl\/wp\/wp-content\/uploads\/2024\/04\/sw8-2048x1536.jpg 2048w\" sizes=\"(max-width: 1024px) 100vw, 1024px\" \/><\/figure>\n\n\n\n<p><\/p>\n\n\n\n<p><strong>Na trasie sp\u0142ywu spotkamy r\u00f3wnie\u017c interesuj\u0105ce miasteczka, jak np. Anyksciai<\/strong><\/p>\n\n\n\n<figure class=\"wp-block-image size-large\"><img loading=\"lazy\" decoding=\"async\" width=\"768\" height=\"1024\" src=\"https:\/\/kapikajak.pl\/wp\/wp-content\/uploads\/2024\/04\/sw9-768x1024.jpg\" alt=\"\" class=\"wp-image-325\" srcset=\"https:\/\/kapikajak.pl\/wp\/wp-content\/uploads\/2024\/04\/sw9-768x1024.jpg 768w, https:\/\/kapikajak.pl\/wp\/wp-content\/uploads\/2024\/04\/sw9-225x300.jpg 225w, https:\/\/kapikajak.pl\/wp\/wp-content\/uploads\/2024\/04\/sw9-1152x1536.jpg 1152w, https:\/\/kapikajak.pl\/wp\/wp-content\/uploads\/2024\/04\/sw9-1536x2048.jpg 1536w, https:\/\/kapikajak.pl\/wp\/wp-content\/uploads\/2024\/04\/sw9-scaled.jpg 1920w\" sizes=\"(max-width: 768px) 100vw, 768px\" \/><\/figure>\n\n\n\n<p><\/p>\n\n\n\n<p><strong>No i te wieczorne ogniska:<\/strong><\/p>\n\n\n\n<figure class=\"wp-block-image size-large\"><img loading=\"lazy\" decoding=\"async\" width=\"768\" height=\"1024\" src=\"https:\/\/kapikajak.pl\/wp\/wp-content\/uploads\/2024\/04\/sw10-768x1024.jpg\" alt=\"\" class=\"wp-image-326\" srcset=\"https:\/\/kapikajak.pl\/wp\/wp-content\/uploads\/2024\/04\/sw10-768x1024.jpg 768w, https:\/\/kapikajak.pl\/wp\/wp-content\/uploads\/2024\/04\/sw10-225x300.jpg 225w, https:\/\/kapikajak.pl\/wp\/wp-content\/uploads\/2024\/04\/sw10-1152x1536.jpg 1152w, https:\/\/kapikajak.pl\/wp\/wp-content\/uploads\/2024\/04\/sw10-1536x2048.jpg 1536w, https:\/\/kapikajak.pl\/wp\/wp-content\/uploads\/2024\/04\/sw10-scaled.jpg 1920w\" sizes=\"(max-width: 768px) 100vw, 768px\" \/><\/figure>\n\n\n\n<p><\/p>\n\n\n\n<h2 class=\"wp-block-heading\">ZAPRASZAMY !<\/h2>\n","protected":false},"excerpt":{"rendered":"<p>\u015awi\u0119ta \u2013 najwi\u0119kszy dop\u0142yw rzeki Neris, jej d\u0142ugo\u015b\u0107 to 246 km i p\u0142ynie tylko na terytorium Litwy, jej nachylenie to 0,49m\/km. Rzeka sp\u0142ywa na zach\u00f3d od \u015brodkowej Litwy, a jej brzegi s\u0105 bardzo malownicze. Nasza proponowana trasa to start z mostu drogowego Utena-Kupiskis do uj\u015bcia rzeki Neris 136,8 km. Rzeka jest bardzo malownicza, a co &hellip; <a href=\"https:\/\/kapikajak.pl\/wp\/?page_id=182\" class=\"more-link\">Czytaj dalej <span class=\"screen-reader-text\">\u015awi\u0119ta<\/span><\/a><\/p>\n","protected":false},"author":2,"featured_media":0,"parent":0,"menu_order":0,"comment_status":"closed","ping_status":"closed","template":"","meta":{"_siteseo_robots_primary_cat":"","footnotes":""},"_links":{"self":[{"href":"https:\/\/kapikajak.pl\/wp\/index.php?rest_route=\/wp\/v2\/pages\/182"}],"collection":[{"href":"https:\/\/kapikajak.pl\/wp\/index.php?rest_route=\/wp\/v2\/pages"}],"about":[{"href":"https:\/\/kapikajak.pl\/wp\/index.php?rest_route=\/wp\/v2\/types\/page"}],"author":[{"embeddable":true,"href":"https:\/\/kapikajak.pl\/wp\/index.php?rest_route=\/wp\/v2\/users\/2"}],"replies":[{"embeddable":true,"href":"https:\/\/kapikajak.pl\/wp\/index.php?rest_route=%2Fwp%2Fv2%2Fcomments&post=182"}],"version-history":[{"count":1,"href":"https:\/\/kapikajak.pl\/wp\/index.php?rest_route=\/wp\/v2\/pages\/182\/revisions"}],"predecessor-version":[{"id":327,"href":"https:\/\/kapikajak.pl\/wp\/index.php?rest_route=\/wp\/v2\/pages\/182\/revisions\/327"}],"wp:attachment":[{"href":"https:\/\/kapikajak.pl\/wp\/index.php?rest_route=%2Fwp%2Fv2%2Fmedia&parent=182"}],"curies":[{"name":"wp","href":"https:\/\/api.w.org\/{rel}","templated":true}]}}