{"id":175,"date":"2022-04-10T21:42:50","date_gmt":"2022-04-10T21:42:50","guid":{"rendered":"https:\/\/kapikajak.pl\/?page_id=175"},"modified":"2024-04-12T20:50:47","modified_gmt":"2024-04-12T20:50:47","slug":"ula-i-mereczanka","status":"publish","type":"page","link":"https:\/\/kapikajak.pl\/wp\/?page_id=175","title":{"rendered":"U\u0142a i Mereczanka"},"content":{"rendered":"\n<p><strong>U\u0142a <\/strong>\u2013 najwi\u0119kszy dop\u0142yw Mereczanki i jedna z najpi\u0119kniejszych rzek na Litwie. Jest to do\u015b\u0107 popularny szlak wodny, dlatego te\u017c zosta\u0142y wprowadzone ograniczenia na terenie D\u017cukijskiego Parku Narodowego, gdzie mo\u017ce by\u0107 100 obiekt\u00f3w turystycznych, a na rzek\u0119 mo\u017ce wp\u0142ywa\u0107 tylko do 200 os\u00f3b dziennie. Trasa sp\u0142ywu to 56 km, kt\u00f3re pokonujemy w ci\u0105gu 4 dni, dalej kontynujemy Mereczank\u0105.<\/p>\n\n\n\n<p><br><strong>Mereczanka <\/strong>\u2013 to prawy dop\u0142yw niemna, 6 rzeka co do d\u0142ugo\u015bci na Litwie. Jej \u017ar\u00f3d\u0142a znajduj\u0105 si\u0119 na Bia\u0142orusi. Rzeka p\u0142ynie przez pi\u0119kne, przewa\u017cnie zalesione okolice. My wp\u0142ywamy do Mereczanki we wsi Mardasavo i zostaje nam 21,8 km tej rzeki na kt\u00f3re trzeba po\u015bwi\u0119ci\u0107 2 dni. Dalej Mereczanka wp\u0142ywa do Niemna, gdzie ko\u0144czymy sp\u0142yw.<\/p>\n\n\n\n<figure class=\"wp-block-image size-large is-resized\"><img loading=\"lazy\" decoding=\"async\" width=\"1024\" height=\"576\" src=\"https:\/\/kapikajak.pl\/wp\/wp-content\/uploads\/2024\/04\/ul1-1024x576.jpg\" alt=\"\" class=\"wp-image-338\" style=\"width:690px;height:388px\" srcset=\"https:\/\/kapikajak.pl\/wp\/wp-content\/uploads\/2024\/04\/ul1-1024x576.jpg 1024w, https:\/\/kapikajak.pl\/wp\/wp-content\/uploads\/2024\/04\/ul1-300x169.jpg 300w, https:\/\/kapikajak.pl\/wp\/wp-content\/uploads\/2024\/04\/ul1-768x432.jpg 768w, https:\/\/kapikajak.pl\/wp\/wp-content\/uploads\/2024\/04\/ul1-1536x864.jpg 1536w, https:\/\/kapikajak.pl\/wp\/wp-content\/uploads\/2024\/04\/ul1-2048x1152.jpg 2048w\" sizes=\"(max-width: 1024px) 100vw, 1024px\" \/><\/figure>\n\n\n\n<p><\/p>\n\n\n\n<figure class=\"wp-block-image size-large\"><img loading=\"lazy\" decoding=\"async\" width=\"1024\" height=\"576\" src=\"https:\/\/kapikajak.pl\/wp\/wp-content\/uploads\/2024\/04\/ul2-1024x576.jpg\" alt=\"\" class=\"wp-image-339\" srcset=\"https:\/\/kapikajak.pl\/wp\/wp-content\/uploads\/2024\/04\/ul2-1024x576.jpg 1024w, https:\/\/kapikajak.pl\/wp\/wp-content\/uploads\/2024\/04\/ul2-300x169.jpg 300w, https:\/\/kapikajak.pl\/wp\/wp-content\/uploads\/2024\/04\/ul2-768x432.jpg 768w, https:\/\/kapikajak.pl\/wp\/wp-content\/uploads\/2024\/04\/ul2-1536x864.jpg 1536w, https:\/\/kapikajak.pl\/wp\/wp-content\/uploads\/2024\/04\/ul2-2048x1152.jpg 2048w\" sizes=\"(max-width: 1024px) 100vw, 1024px\" \/><\/figure>\n\n\n\n<p><\/p>\n\n\n\n<figure class=\"wp-block-image size-large\"><img loading=\"lazy\" decoding=\"async\" width=\"1024\" height=\"576\" src=\"https:\/\/kapikajak.pl\/wp\/wp-content\/uploads\/2024\/04\/ul3-1024x576.jpg\" alt=\"\" class=\"wp-image-340\" srcset=\"https:\/\/kapikajak.pl\/wp\/wp-content\/uploads\/2024\/04\/ul3-1024x576.jpg 1024w, https:\/\/kapikajak.pl\/wp\/wp-content\/uploads\/2024\/04\/ul3-300x169.jpg 300w, https:\/\/kapikajak.pl\/wp\/wp-content\/uploads\/2024\/04\/ul3-768x432.jpg 768w, https:\/\/kapikajak.pl\/wp\/wp-content\/uploads\/2024\/04\/ul3-1536x864.jpg 1536w, https:\/\/kapikajak.pl\/wp\/wp-content\/uploads\/2024\/04\/ul3-2048x1152.jpg 2048w\" sizes=\"(max-width: 1024px) 100vw, 1024px\" \/><\/figure>\n\n\n\n<p><\/p>\n\n\n\n<figure class=\"wp-block-image size-large\"><img loading=\"lazy\" decoding=\"async\" width=\"576\" height=\"1024\" src=\"https:\/\/kapikajak.pl\/wp\/wp-content\/uploads\/2024\/04\/ul4-576x1024.jpg\" alt=\"\" class=\"wp-image-341\" srcset=\"https:\/\/kapikajak.pl\/wp\/wp-content\/uploads\/2024\/04\/ul4-576x1024.jpg 576w, https:\/\/kapikajak.pl\/wp\/wp-content\/uploads\/2024\/04\/ul4-169x300.jpg 169w, https:\/\/kapikajak.pl\/wp\/wp-content\/uploads\/2024\/04\/ul4-768x1365.jpg 768w, https:\/\/kapikajak.pl\/wp\/wp-content\/uploads\/2024\/04\/ul4-864x1536.jpg 864w, https:\/\/kapikajak.pl\/wp\/wp-content\/uploads\/2024\/04\/ul4-1152x2048.jpg 1152w, https:\/\/kapikajak.pl\/wp\/wp-content\/uploads\/2024\/04\/ul4-scaled.jpg 1440w\" sizes=\"(max-width: 576px) 100vw, 576px\" \/><\/figure>\n","protected":false},"excerpt":{"rendered":"<p>U\u0142a \u2013 najwi\u0119kszy dop\u0142yw Mereczanki i jedna z najpi\u0119kniejszych rzek na Litwie. Jest to do\u015b\u0107 popularny szlak wodny, dlatego te\u017c zosta\u0142y wprowadzone ograniczenia na terenie D\u017cukijskiego Parku Narodowego, gdzie mo\u017ce by\u0107 100 obiekt\u00f3w turystycznych, a na rzek\u0119 mo\u017ce wp\u0142ywa\u0107 tylko do 200 os\u00f3b dziennie. Trasa sp\u0142ywu to 56 km, kt\u00f3re pokonujemy w ci\u0105gu 4 dni, &hellip; <a href=\"https:\/\/kapikajak.pl\/wp\/?page_id=175\" class=\"more-link\">Czytaj dalej <span class=\"screen-reader-text\">U\u0142a i Mereczanka<\/span><\/a><\/p>\n","protected":false},"author":2,"featured_media":0,"parent":0,"menu_order":0,"comment_status":"closed","ping_status":"closed","template":"","meta":{"_siteseo_robots_primary_cat":"","footnotes":""},"_links":{"self":[{"href":"https:\/\/kapikajak.pl\/wp\/index.php?rest_route=\/wp\/v2\/pages\/175"}],"collection":[{"href":"https:\/\/kapikajak.pl\/wp\/index.php?rest_route=\/wp\/v2\/pages"}],"about":[{"href":"https:\/\/kapikajak.pl\/wp\/index.php?rest_route=\/wp\/v2\/types\/page"}],"author":[{"embeddable":true,"href":"https:\/\/kapikajak.pl\/wp\/index.php?rest_route=\/wp\/v2\/users\/2"}],"replies":[{"embeddable":true,"href":"https:\/\/kapikajak.pl\/wp\/index.php?rest_route=%2Fwp%2Fv2%2Fcomments&post=175"}],"version-history":[{"count":1,"href":"https:\/\/kapikajak.pl\/wp\/index.php?rest_route=\/wp\/v2\/pages\/175\/revisions"}],"predecessor-version":[{"id":345,"href":"https:\/\/kapikajak.pl\/wp\/index.php?rest_route=\/wp\/v2\/pages\/175\/revisions\/345"}],"wp:attachment":[{"href":"https:\/\/kapikajak.pl\/wp\/index.php?rest_route=%2Fwp%2Fv2%2Fmedia&parent=175"}],"curies":[{"name":"wp","href":"https:\/\/api.w.org\/{rel}","templated":true}]}}