{"id":167,"date":"2022-04-10T21:37:17","date_gmt":"2022-04-10T21:37:17","guid":{"rendered":"https:\/\/kapikajak.pl\/?page_id=167"},"modified":"2024-04-12T20:51:37","modified_gmt":"2024-04-12T20:51:37","slug":"mereczanka","status":"publish","type":"page","link":"https:\/\/kapikajak.pl\/wp\/?page_id=167","title":{"rendered":"Mereczanka"},"content":{"rendered":"\n<p><strong>Mereczanka <\/strong>\u2013 prawy dop\u0142yw Niemna, najwi\u0119ksza rzeka na po\u0142udniowo-wschodniej Litwie. Jej d\u0142ugo\u015b\u0107 wynosi 203 km, na Litwie 190,2 km. \u015arednie nachylenie rzeki wynosi 0,68m\/km. Wybrze\u017ce jest zalesione, spr\u0119\u017cyste, wi\u0119c jej woda jest zimniejsza latem ni\u017c inne rzeki, a poziom wody jest mniej zmienny. Rzeka Mereczanka jest rezerwatem ichtiologicznym, gdzie wyst\u0119puje pstr\u0105g tar\u0142owy i europejskie tar\u0142o lipieni. Proponowana przez nas trasa to 91 km z Valkininkai do uj\u015bcia rzeki do Niemna.<\/p>\n\n\n\n<figure class=\"wp-block-image size-large\"><img loading=\"lazy\" decoding=\"async\" width=\"1024\" height=\"576\" src=\"https:\/\/kapikajak.pl\/wp\/wp-content\/uploads\/2024\/04\/mer1-1024x576.jpg\" alt=\"\" class=\"wp-image-343\" srcset=\"https:\/\/kapikajak.pl\/wp\/wp-content\/uploads\/2024\/04\/mer1-1024x576.jpg 1024w, https:\/\/kapikajak.pl\/wp\/wp-content\/uploads\/2024\/04\/mer1-300x169.jpg 300w, https:\/\/kapikajak.pl\/wp\/wp-content\/uploads\/2024\/04\/mer1-768x432.jpg 768w, https:\/\/kapikajak.pl\/wp\/wp-content\/uploads\/2024\/04\/mer1-1536x864.jpg 1536w, https:\/\/kapikajak.pl\/wp\/wp-content\/uploads\/2024\/04\/mer1-2048x1152.jpg 2048w\" sizes=\"(max-width: 1024px) 100vw, 1024px\" \/><\/figure>\n\n\n\n<p><\/p>\n\n\n\n<figure class=\"wp-block-image size-large\"><img loading=\"lazy\" decoding=\"async\" width=\"576\" height=\"1024\" src=\"https:\/\/kapikajak.pl\/wp\/wp-content\/uploads\/2024\/04\/mer2-576x1024.jpg\" alt=\"\" class=\"wp-image-344\" srcset=\"https:\/\/kapikajak.pl\/wp\/wp-content\/uploads\/2024\/04\/mer2-576x1024.jpg 576w, https:\/\/kapikajak.pl\/wp\/wp-content\/uploads\/2024\/04\/mer2-169x300.jpg 169w, https:\/\/kapikajak.pl\/wp\/wp-content\/uploads\/2024\/04\/mer2-768x1365.jpg 768w, https:\/\/kapikajak.pl\/wp\/wp-content\/uploads\/2024\/04\/mer2-864x1536.jpg 864w, https:\/\/kapikajak.pl\/wp\/wp-content\/uploads\/2024\/04\/mer2-1152x2048.jpg 1152w, https:\/\/kapikajak.pl\/wp\/wp-content\/uploads\/2024\/04\/mer2-scaled.jpg 1440w\" sizes=\"(max-width: 576px) 100vw, 576px\" \/><\/figure>\n\n\n\n<p><\/p>\n\n\n\n<p><strong>Zapraszamy do skorzystania z opcji wy\u017cywienia, kt\u00f3re zapewni nasz zaprzyja\u017aniony Litewski kucharz. Dost\u0119pne opcje to: \u015bniadania, obiado-kolacje, wieczorne bankiety (szwedzki st\u00f3\u0142).<\/strong><\/p>\n\n\n\n<figure class=\"wp-block-image size-large\"><img loading=\"lazy\" decoding=\"async\" width=\"1024\" height=\"576\" src=\"https:\/\/kapikajak.pl\/wp\/wp-content\/uploads\/2024\/04\/mer3-1024x576.jpg\" alt=\"\" class=\"wp-image-346\" srcset=\"https:\/\/kapikajak.pl\/wp\/wp-content\/uploads\/2024\/04\/mer3-1024x576.jpg 1024w, https:\/\/kapikajak.pl\/wp\/wp-content\/uploads\/2024\/04\/mer3-300x169.jpg 300w, https:\/\/kapikajak.pl\/wp\/wp-content\/uploads\/2024\/04\/mer3-768x432.jpg 768w, https:\/\/kapikajak.pl\/wp\/wp-content\/uploads\/2024\/04\/mer3-1536x864.jpg 1536w, https:\/\/kapikajak.pl\/wp\/wp-content\/uploads\/2024\/04\/mer3-2048x1152.jpg 2048w\" sizes=\"(max-width: 1024px) 100vw, 1024px\" \/><\/figure>\n\n\n\n<p><\/p>\n\n\n\n<figure class=\"wp-block-image size-large is-resized\"><img loading=\"lazy\" decoding=\"async\" width=\"576\" height=\"1024\" src=\"https:\/\/kapikajak.pl\/wp\/wp-content\/uploads\/2024\/04\/mer4-576x1024.jpg\" alt=\"\" class=\"wp-image-347\" style=\"width:576px;height:1024px\" srcset=\"https:\/\/kapikajak.pl\/wp\/wp-content\/uploads\/2024\/04\/mer4-576x1024.jpg 576w, https:\/\/kapikajak.pl\/wp\/wp-content\/uploads\/2024\/04\/mer4-169x300.jpg 169w, https:\/\/kapikajak.pl\/wp\/wp-content\/uploads\/2024\/04\/mer4-768x1365.jpg 768w, https:\/\/kapikajak.pl\/wp\/wp-content\/uploads\/2024\/04\/mer4-864x1536.jpg 864w, https:\/\/kapikajak.pl\/wp\/wp-content\/uploads\/2024\/04\/mer4-1152x2048.jpg 1152w, https:\/\/kapikajak.pl\/wp\/wp-content\/uploads\/2024\/04\/mer4-scaled.jpg 1440w\" sizes=\"(max-width: 576px) 100vw, 576px\" \/><\/figure>\n\n\n\n<p><\/p>\n\n\n\n<figure class=\"wp-block-image size-full\"><img loading=\"lazy\" decoding=\"async\" width=\"1440\" height=\"2560\" src=\"https:\/\/kapikajak.pl\/wp\/wp-content\/uploads\/2024\/04\/mer5-scaled.jpg\" alt=\"\" class=\"wp-image-349\" srcset=\"https:\/\/kapikajak.pl\/wp\/wp-content\/uploads\/2024\/04\/mer5-scaled.jpg 1440w, https:\/\/kapikajak.pl\/wp\/wp-content\/uploads\/2024\/04\/mer5-169x300.jpg 169w, https:\/\/kapikajak.pl\/wp\/wp-content\/uploads\/2024\/04\/mer5-576x1024.jpg 576w, https:\/\/kapikajak.pl\/wp\/wp-content\/uploads\/2024\/04\/mer5-768x1365.jpg 768w, https:\/\/kapikajak.pl\/wp\/wp-content\/uploads\/2024\/04\/mer5-864x1536.jpg 864w, https:\/\/kapikajak.pl\/wp\/wp-content\/uploads\/2024\/04\/mer5-1152x2048.jpg 1152w\" sizes=\"(max-width: 1440px) 100vw, 1440px\" \/><\/figure>\n","protected":false},"excerpt":{"rendered":"<p>Mereczanka \u2013 prawy dop\u0142yw Niemna, najwi\u0119ksza rzeka na po\u0142udniowo-wschodniej Litwie. Jej d\u0142ugo\u015b\u0107 wynosi 203 km, na Litwie 190,2 km. \u015arednie nachylenie rzeki wynosi 0,68m\/km. Wybrze\u017ce jest zalesione, spr\u0119\u017cyste, wi\u0119c jej woda jest zimniejsza latem ni\u017c inne rzeki, a poziom wody jest mniej zmienny. Rzeka Mereczanka jest rezerwatem ichtiologicznym, gdzie wyst\u0119puje pstr\u0105g tar\u0142owy i europejskie tar\u0142o &hellip; <a href=\"https:\/\/kapikajak.pl\/wp\/?page_id=167\" class=\"more-link\">Czytaj dalej <span class=\"screen-reader-text\">Mereczanka<\/span><\/a><\/p>\n","protected":false},"author":2,"featured_media":0,"parent":0,"menu_order":0,"comment_status":"closed","ping_status":"closed","template":"","meta":{"_siteseo_robots_primary_cat":"","footnotes":""},"_links":{"self":[{"href":"https:\/\/kapikajak.pl\/wp\/index.php?rest_route=\/wp\/v2\/pages\/167"}],"collection":[{"href":"https:\/\/kapikajak.pl\/wp\/index.php?rest_route=\/wp\/v2\/pages"}],"about":[{"href":"https:\/\/kapikajak.pl\/wp\/index.php?rest_route=\/wp\/v2\/types\/page"}],"author":[{"embeddable":true,"href":"https:\/\/kapikajak.pl\/wp\/index.php?rest_route=\/wp\/v2\/users\/2"}],"replies":[{"embeddable":true,"href":"https:\/\/kapikajak.pl\/wp\/index.php?rest_route=%2Fwp%2Fv2%2Fcomments&post=167"}],"version-history":[{"count":1,"href":"https:\/\/kapikajak.pl\/wp\/index.php?rest_route=\/wp\/v2\/pages\/167\/revisions"}],"predecessor-version":[{"id":350,"href":"https:\/\/kapikajak.pl\/wp\/index.php?rest_route=\/wp\/v2\/pages\/167\/revisions\/350"}],"wp:attachment":[{"href":"https:\/\/kapikajak.pl\/wp\/index.php?rest_route=%2Fwp%2Fv2%2Fmedia&parent=167"}],"curies":[{"name":"wp","href":"https:\/\/api.w.org\/{rel}","templated":true}]}}