{"id":155,"date":"2022-04-10T21:22:23","date_gmt":"2022-04-10T21:22:23","guid":{"rendered":"https:\/\/kapikajak.pl\/?page_id=155"},"modified":"2024-04-12T20:49:15","modified_gmt":"2024-04-12T20:49:15","slug":"jura","status":"publish","type":"page","link":"https:\/\/kapikajak.pl\/wp\/?page_id=155","title":{"rendered":"Jura"},"content":{"rendered":"\n<p><strong>Jura <\/strong>\u2013 rzeka w zachodniej Litwie, prawy dop\u0142yw Niemna. D\u0142ugo\u015b\u0107 &#8211; 172 km, powierzchnia zlewni &#8211; 3994 km\u00b2.<\/p>\n\n\n\n<p><br>Jura ma \u017ar\u00f3d\u0142a na zachodnim skraju Wy\u017cyny \u017bmudzkiej, 10 km na p\u00f3\u0142nocny zach\u00f3d od Rietawas. P\u0142ynie na po\u0142udnie przez Rietawas, Kwedarn\u0119, Pojuris i Taurogi. Wpada do Niemna 81 km od jego uj\u015bcia. Basen rzeki ma status rezerwatu (ichtiologicznego i krajobrazowego). Rzeka do\u015b\u0107 ci\u0119\u017cka do p\u0142ywania ze wzgl\u0119du na cz\u0119ste przeszkody w postaci wystaj\u0105cych kamieni, zawalonych drzew, ga\u0142\u0119zi.<\/p>\n\n\n\n<figure class=\"wp-block-image size-large\"><img loading=\"lazy\" decoding=\"async\" width=\"1024\" height=\"768\" src=\"https:\/\/kapikajak.pl\/wp\/wp-content\/uploads\/2024\/04\/jura1-1024x768.jpg\" alt=\"\" class=\"wp-image-332\" srcset=\"https:\/\/kapikajak.pl\/wp\/wp-content\/uploads\/2024\/04\/jura1-1024x768.jpg 1024w, https:\/\/kapikajak.pl\/wp\/wp-content\/uploads\/2024\/04\/jura1-300x225.jpg 300w, https:\/\/kapikajak.pl\/wp\/wp-content\/uploads\/2024\/04\/jura1-768x576.jpg 768w, https:\/\/kapikajak.pl\/wp\/wp-content\/uploads\/2024\/04\/jura1-1536x1152.jpg 1536w, https:\/\/kapikajak.pl\/wp\/wp-content\/uploads\/2024\/04\/jura1.jpg 1984w\" sizes=\"(max-width: 1024px) 100vw, 1024px\" \/><\/figure>\n\n\n\n<p><\/p>\n\n\n\n<figure class=\"wp-block-image size-large\"><img loading=\"lazy\" decoding=\"async\" width=\"1024\" height=\"767\" src=\"https:\/\/kapikajak.pl\/wp\/wp-content\/uploads\/2024\/04\/jura2-1024x767.jpg\" alt=\"\" class=\"wp-image-333\" srcset=\"https:\/\/kapikajak.pl\/wp\/wp-content\/uploads\/2024\/04\/jura2-1024x767.jpg 1024w, https:\/\/kapikajak.pl\/wp\/wp-content\/uploads\/2024\/04\/jura2-300x225.jpg 300w, https:\/\/kapikajak.pl\/wp\/wp-content\/uploads\/2024\/04\/jura2-768x575.jpg 768w, https:\/\/kapikajak.pl\/wp\/wp-content\/uploads\/2024\/04\/jura2.jpg 1440w\" sizes=\"(max-width: 1024px) 100vw, 1024px\" \/><\/figure>\n\n\n\n<p><\/p>\n\n\n\n<figure class=\"wp-block-image size-large\"><img loading=\"lazy\" decoding=\"async\" width=\"1024\" height=\"768\" src=\"https:\/\/kapikajak.pl\/wp\/wp-content\/uploads\/2024\/04\/jura3-1024x768.jpg\" alt=\"\" class=\"wp-image-334\" srcset=\"https:\/\/kapikajak.pl\/wp\/wp-content\/uploads\/2024\/04\/jura3-1024x768.jpg 1024w, https:\/\/kapikajak.pl\/wp\/wp-content\/uploads\/2024\/04\/jura3-300x225.jpg 300w, https:\/\/kapikajak.pl\/wp\/wp-content\/uploads\/2024\/04\/jura3-768x576.jpg 768w, https:\/\/kapikajak.pl\/wp\/wp-content\/uploads\/2024\/04\/jura3-1536x1152.jpg 1536w, https:\/\/kapikajak.pl\/wp\/wp-content\/uploads\/2024\/04\/jura3.jpg 1984w\" sizes=\"(max-width: 1024px) 100vw, 1024px\" \/><\/figure>\n\n\n\n<p><\/p>\n\n\n\n<figure class=\"wp-block-image size-large\"><img loading=\"lazy\" decoding=\"async\" width=\"768\" height=\"1024\" src=\"https:\/\/kapikajak.pl\/wp\/wp-content\/uploads\/2024\/04\/jura4-768x1024.jpg\" alt=\"\" class=\"wp-image-335\" srcset=\"https:\/\/kapikajak.pl\/wp\/wp-content\/uploads\/2024\/04\/jura4-768x1024.jpg 768w, https:\/\/kapikajak.pl\/wp\/wp-content\/uploads\/2024\/04\/jura4-225x300.jpg 225w, https:\/\/kapikajak.pl\/wp\/wp-content\/uploads\/2024\/04\/jura4-1152x1536.jpg 1152w, https:\/\/kapikajak.pl\/wp\/wp-content\/uploads\/2024\/04\/jura4-1536x2048.jpg 1536w, https:\/\/kapikajak.pl\/wp\/wp-content\/uploads\/2024\/04\/jura4-scaled.jpg 1920w\" sizes=\"(max-width: 768px) 100vw, 768px\" \/><\/figure>\n\n\n\n<p><\/p>\n\n\n\n<figure class=\"wp-block-image size-large\"><img loading=\"lazy\" decoding=\"async\" width=\"1024\" height=\"768\" src=\"https:\/\/kapikajak.pl\/wp\/wp-content\/uploads\/2024\/04\/jura5-1024x768.jpg\" alt=\"\" class=\"wp-image-336\" srcset=\"https:\/\/kapikajak.pl\/wp\/wp-content\/uploads\/2024\/04\/jura5-1024x768.jpg 1024w, https:\/\/kapikajak.pl\/wp\/wp-content\/uploads\/2024\/04\/jura5-300x225.jpg 300w, https:\/\/kapikajak.pl\/wp\/wp-content\/uploads\/2024\/04\/jura5-768x576.jpg 768w, https:\/\/kapikajak.pl\/wp\/wp-content\/uploads\/2024\/04\/jura5-1536x1152.jpg 1536w, https:\/\/kapikajak.pl\/wp\/wp-content\/uploads\/2024\/04\/jura5-2048x1536.jpg 2048w\" sizes=\"(max-width: 1024px) 100vw, 1024px\" \/><\/figure>\n","protected":false},"excerpt":{"rendered":"<p>Jura \u2013 rzeka w zachodniej Litwie, prawy dop\u0142yw Niemna. D\u0142ugo\u015b\u0107 &#8211; 172 km, powierzchnia zlewni &#8211; 3994 km\u00b2. Jura ma \u017ar\u00f3d\u0142a na zachodnim skraju Wy\u017cyny \u017bmudzkiej, 10 km na p\u00f3\u0142nocny zach\u00f3d od Rietawas. P\u0142ynie na po\u0142udnie przez Rietawas, Kwedarn\u0119, Pojuris i Taurogi. Wpada do Niemna 81 km od jego uj\u015bcia. Basen rzeki ma status rezerwatu &hellip; <a href=\"https:\/\/kapikajak.pl\/wp\/?page_id=155\" class=\"more-link\">Czytaj dalej <span class=\"screen-reader-text\">Jura<\/span><\/a><\/p>\n","protected":false},"author":2,"featured_media":0,"parent":0,"menu_order":0,"comment_status":"closed","ping_status":"closed","template":"","meta":{"_siteseo_robots_primary_cat":"","footnotes":""},"_links":{"self":[{"href":"https:\/\/kapikajak.pl\/wp\/index.php?rest_route=\/wp\/v2\/pages\/155"}],"collection":[{"href":"https:\/\/kapikajak.pl\/wp\/index.php?rest_route=\/wp\/v2\/pages"}],"about":[{"href":"https:\/\/kapikajak.pl\/wp\/index.php?rest_route=\/wp\/v2\/types\/page"}],"author":[{"embeddable":true,"href":"https:\/\/kapikajak.pl\/wp\/index.php?rest_route=\/wp\/v2\/users\/2"}],"replies":[{"embeddable":true,"href":"https:\/\/kapikajak.pl\/wp\/index.php?rest_route=%2Fwp%2Fv2%2Fcomments&post=155"}],"version-history":[{"count":1,"href":"https:\/\/kapikajak.pl\/wp\/index.php?rest_route=\/wp\/v2\/pages\/155\/revisions"}],"predecessor-version":[{"id":337,"href":"https:\/\/kapikajak.pl\/wp\/index.php?rest_route=\/wp\/v2\/pages\/155\/revisions\/337"}],"wp:attachment":[{"href":"https:\/\/kapikajak.pl\/wp\/index.php?rest_route=%2Fwp%2Fv2%2Fmedia&parent=155"}],"curies":[{"name":"wp","href":"https:\/\/api.w.org\/{rel}","templated":true}]}}