{"id":149,"date":"2022-04-10T21:09:17","date_gmt":"2022-04-10T21:09:17","guid":{"rendered":"https:\/\/kapikajak.pl\/?page_id=149"},"modified":"2024-04-12T20:46:46","modified_gmt":"2024-04-12T20:46:46","slug":"dubissa","status":"publish","type":"page","link":"https:\/\/kapikajak.pl\/wp\/?page_id=149","title":{"rendered":"Dubissa"},"content":{"rendered":"\n<p><strong>Dubissa <\/strong>\u2013 rzeka w \u015brodkowo-zachodnej Litwie, kt\u00f3ra jest uwa\u017cana za jedn\u0105 z najpi\u0119kniejszych rzek Litwy, kt\u00f3rej d\u0142ugo\u015b\u0107 wynosi 131 km. Nasza trasa to 89,7 km start z mostu drogowego Kelme-Tyuvenai koniec w miejscowo\u015bci Seredzius (uj\u015bcie do Niemna). \u015arednie nachylenie rzeki to 0,7 m\/km, a pr\u0119dko\u015b\u0107 latem to ok. 4-5 m\/s. Na starcie znajdziemy saudyjsk\u0105 kaplic\u0119. Na jej o\u0142tarzu jest kamie\u0144 z oznaczeniami, a woda ze \u017ar\u00f3d\u0142a w pobli\u017cu kaplicy uwa\u017cana jest za magiczn\u0105. Na trasie spotkamy r\u00f3wnie\u017c najstarszy i najd\u0142u\u017cszy most kolejowy na Litwie, m\u0142yn wodny z 1895, drewniany ko\u015bci\u00f3\u0142 z 1939.<\/p>\n\n\n\n<figure class=\"wp-block-image size-large\"><img loading=\"lazy\" decoding=\"async\" width=\"1024\" height=\"576\" src=\"https:\/\/kapikajak.pl\/wp\/wp-content\/uploads\/2024\/04\/dub1-1024x576.jpg\" alt=\"\" class=\"wp-image-328\" srcset=\"https:\/\/kapikajak.pl\/wp\/wp-content\/uploads\/2024\/04\/dub1-1024x576.jpg 1024w, https:\/\/kapikajak.pl\/wp\/wp-content\/uploads\/2024\/04\/dub1-300x169.jpg 300w, https:\/\/kapikajak.pl\/wp\/wp-content\/uploads\/2024\/04\/dub1-768x432.jpg 768w, https:\/\/kapikajak.pl\/wp\/wp-content\/uploads\/2024\/04\/dub1-1536x864.jpg 1536w, https:\/\/kapikajak.pl\/wp\/wp-content\/uploads\/2024\/04\/dub1-2048x1152.jpg 2048w\" sizes=\"(max-width: 1024px) 100vw, 1024px\" \/><\/figure>\n\n\n\n<p><\/p>\n\n\n\n<figure class=\"wp-block-image size-large\"><img loading=\"lazy\" decoding=\"async\" width=\"1024\" height=\"576\" src=\"https:\/\/kapikajak.pl\/wp\/wp-content\/uploads\/2024\/04\/dub2-1024x576.jpg\" alt=\"\" class=\"wp-image-329\" srcset=\"https:\/\/kapikajak.pl\/wp\/wp-content\/uploads\/2024\/04\/dub2-1024x576.jpg 1024w, https:\/\/kapikajak.pl\/wp\/wp-content\/uploads\/2024\/04\/dub2-300x169.jpg 300w, https:\/\/kapikajak.pl\/wp\/wp-content\/uploads\/2024\/04\/dub2-768x432.jpg 768w, https:\/\/kapikajak.pl\/wp\/wp-content\/uploads\/2024\/04\/dub2-1536x864.jpg 1536w, https:\/\/kapikajak.pl\/wp\/wp-content\/uploads\/2024\/04\/dub2-2048x1152.jpg 2048w\" sizes=\"(max-width: 1024px) 100vw, 1024px\" \/><\/figure>\n\n\n\n<p><\/p>\n\n\n\n<figure class=\"wp-block-image size-large\"><img loading=\"lazy\" decoding=\"async\" width=\"576\" height=\"1024\" src=\"https:\/\/kapikajak.pl\/wp\/wp-content\/uploads\/2024\/04\/dub3-576x1024.jpg\" alt=\"\" class=\"wp-image-330\" srcset=\"https:\/\/kapikajak.pl\/wp\/wp-content\/uploads\/2024\/04\/dub3-576x1024.jpg 576w, https:\/\/kapikajak.pl\/wp\/wp-content\/uploads\/2024\/04\/dub3-169x300.jpg 169w, https:\/\/kapikajak.pl\/wp\/wp-content\/uploads\/2024\/04\/dub3-768x1365.jpg 768w, https:\/\/kapikajak.pl\/wp\/wp-content\/uploads\/2024\/04\/dub3-864x1536.jpg 864w, https:\/\/kapikajak.pl\/wp\/wp-content\/uploads\/2024\/04\/dub3-1152x2048.jpg 1152w, https:\/\/kapikajak.pl\/wp\/wp-content\/uploads\/2024\/04\/dub3-scaled.jpg 1440w\" sizes=\"(max-width: 576px) 100vw, 576px\" \/><\/figure>\n","protected":false},"excerpt":{"rendered":"<p>Dubissa \u2013 rzeka w \u015brodkowo-zachodnej Litwie, kt\u00f3ra jest uwa\u017cana za jedn\u0105 z najpi\u0119kniejszych rzek Litwy, kt\u00f3rej d\u0142ugo\u015b\u0107 wynosi 131 km. Nasza trasa to 89,7 km start z mostu drogowego Kelme-Tyuvenai koniec w miejscowo\u015bci Seredzius (uj\u015bcie do Niemna). \u015arednie nachylenie rzeki to 0,7 m\/km, a pr\u0119dko\u015b\u0107 latem to ok. 4-5 m\/s. Na starcie znajdziemy saudyjsk\u0105 kaplic\u0119. &hellip; <a href=\"https:\/\/kapikajak.pl\/wp\/?page_id=149\" class=\"more-link\">Czytaj dalej <span class=\"screen-reader-text\">Dubissa<\/span><\/a><\/p>\n","protected":false},"author":2,"featured_media":0,"parent":0,"menu_order":0,"comment_status":"closed","ping_status":"closed","template":"","meta":{"_siteseo_robots_primary_cat":"","footnotes":""},"_links":{"self":[{"href":"https:\/\/kapikajak.pl\/wp\/index.php?rest_route=\/wp\/v2\/pages\/149"}],"collection":[{"href":"https:\/\/kapikajak.pl\/wp\/index.php?rest_route=\/wp\/v2\/pages"}],"about":[{"href":"https:\/\/kapikajak.pl\/wp\/index.php?rest_route=\/wp\/v2\/types\/page"}],"author":[{"embeddable":true,"href":"https:\/\/kapikajak.pl\/wp\/index.php?rest_route=\/wp\/v2\/users\/2"}],"replies":[{"embeddable":true,"href":"https:\/\/kapikajak.pl\/wp\/index.php?rest_route=%2Fwp%2Fv2%2Fcomments&post=149"}],"version-history":[{"count":1,"href":"https:\/\/kapikajak.pl\/wp\/index.php?rest_route=\/wp\/v2\/pages\/149\/revisions"}],"predecessor-version":[{"id":331,"href":"https:\/\/kapikajak.pl\/wp\/index.php?rest_route=\/wp\/v2\/pages\/149\/revisions\/331"}],"wp:attachment":[{"href":"https:\/\/kapikajak.pl\/wp\/index.php?rest_route=%2Fwp%2Fv2%2Fmedia&parent=149"}],"curies":[{"name":"wp","href":"https:\/\/api.w.org\/{rel}","templated":true}]}}