{"id":138,"date":"2022-04-10T20:54:52","date_gmt":"2022-04-10T20:54:52","guid":{"rendered":"https:\/\/kapikajak.pl\/?page_id=138"},"modified":"2024-04-12T21:03:18","modified_gmt":"2024-04-12T21:03:18","slug":"salaca","status":"publish","type":"page","link":"https:\/\/kapikajak.pl\/wp\/?page_id=138","title":{"rendered":"Salaca"},"content":{"rendered":"\n<p>Salaca &#8211; rzeka w p\u00f3\u0142nocnoliwo\u0144skim rezerwacie biosfery, w p\u00f3\u0142nocnej cz\u0119\u015bci \u0141otwy. P\u0142ynie z jeziora Burtnieks na zach\u00f3d, gdzie w Salacgr\u012bvie wp\u0142ywa do Zatoki Ryskiej. Jest to szybko-p\u0142yn\u0105ca rzeka z piaskowcowym brzegiem i licznymi pieczarami (szczeg\u00f3lnie w okolicach Mazsalacy) i w du\u017cej mierze nietkni\u0119tym przez cz\u0142owieka wybrze\u017cem ba\u0142tyckim. Nad brzegiem rzeki Salaca mo\u017cemy zobaczy\u0107 m.in. Jaskini\u0119 Anio\u0142\u00f3w (E\u0146\u0123e\u013cu ala). Jej trasa liczy 95 km.<\/p>\n\n\n\n<figure class=\"wp-block-image size-large is-resized\"><img loading=\"lazy\" decoding=\"async\" width=\"1024\" height=\"576\" src=\"https:\/\/kapikajak.pl\/wp\/wp-content\/uploads\/2024\/04\/sal1-1024x576.jpg\" alt=\"\" class=\"wp-image-373\" style=\"width:690px;height:388px\" srcset=\"https:\/\/kapikajak.pl\/wp\/wp-content\/uploads\/2024\/04\/sal1-1024x576.jpg 1024w, https:\/\/kapikajak.pl\/wp\/wp-content\/uploads\/2024\/04\/sal1-300x169.jpg 300w, https:\/\/kapikajak.pl\/wp\/wp-content\/uploads\/2024\/04\/sal1-768x432.jpg 768w, https:\/\/kapikajak.pl\/wp\/wp-content\/uploads\/2024\/04\/sal1-1536x864.jpg 1536w, https:\/\/kapikajak.pl\/wp\/wp-content\/uploads\/2024\/04\/sal1-2048x1152.jpg 2048w\" sizes=\"(max-width: 1024px) 100vw, 1024px\" \/><\/figure>\n\n\n\n<p><\/p>\n\n\n\n<figure class=\"wp-block-image size-large\"><img loading=\"lazy\" decoding=\"async\" width=\"1024\" height=\"576\" src=\"https:\/\/kapikajak.pl\/wp\/wp-content\/uploads\/2024\/04\/sal2-1024x576.jpg\" alt=\"\" class=\"wp-image-374\" srcset=\"https:\/\/kapikajak.pl\/wp\/wp-content\/uploads\/2024\/04\/sal2-1024x576.jpg 1024w, https:\/\/kapikajak.pl\/wp\/wp-content\/uploads\/2024\/04\/sal2-300x169.jpg 300w, https:\/\/kapikajak.pl\/wp\/wp-content\/uploads\/2024\/04\/sal2-768x432.jpg 768w, https:\/\/kapikajak.pl\/wp\/wp-content\/uploads\/2024\/04\/sal2-1536x864.jpg 1536w, https:\/\/kapikajak.pl\/wp\/wp-content\/uploads\/2024\/04\/sal2-2048x1152.jpg 2048w\" sizes=\"(max-width: 1024px) 100vw, 1024px\" \/><\/figure>\n\n\n\n<p><\/p>\n\n\n\n<figure class=\"wp-block-image size-large\"><img loading=\"lazy\" decoding=\"async\" width=\"1024\" height=\"576\" src=\"https:\/\/kapikajak.pl\/wp\/wp-content\/uploads\/2024\/04\/sal3-1024x576.jpg\" alt=\"\" class=\"wp-image-375\" srcset=\"https:\/\/kapikajak.pl\/wp\/wp-content\/uploads\/2024\/04\/sal3-1024x576.jpg 1024w, https:\/\/kapikajak.pl\/wp\/wp-content\/uploads\/2024\/04\/sal3-300x169.jpg 300w, https:\/\/kapikajak.pl\/wp\/wp-content\/uploads\/2024\/04\/sal3-768x432.jpg 768w, https:\/\/kapikajak.pl\/wp\/wp-content\/uploads\/2024\/04\/sal3-1536x864.jpg 1536w, https:\/\/kapikajak.pl\/wp\/wp-content\/uploads\/2024\/04\/sal3-2048x1152.jpg 2048w\" sizes=\"(max-width: 1024px) 100vw, 1024px\" \/><\/figure>\n\n\n\n<p><\/p>\n\n\n\n<figure class=\"wp-block-image size-large\"><img loading=\"lazy\" decoding=\"async\" width=\"1024\" height=\"576\" src=\"https:\/\/kapikajak.pl\/wp\/wp-content\/uploads\/2024\/04\/sal4-1024x576.jpg\" alt=\"\" class=\"wp-image-376\" srcset=\"https:\/\/kapikajak.pl\/wp\/wp-content\/uploads\/2024\/04\/sal4-1024x576.jpg 1024w, https:\/\/kapikajak.pl\/wp\/wp-content\/uploads\/2024\/04\/sal4-300x169.jpg 300w, https:\/\/kapikajak.pl\/wp\/wp-content\/uploads\/2024\/04\/sal4-768x432.jpg 768w, https:\/\/kapikajak.pl\/wp\/wp-content\/uploads\/2024\/04\/sal4-1536x864.jpg 1536w, https:\/\/kapikajak.pl\/wp\/wp-content\/uploads\/2024\/04\/sal4-2048x1152.jpg 2048w\" sizes=\"(max-width: 1024px) 100vw, 1024px\" \/><\/figure>\n\n\n\n<p><\/p>\n\n\n\n<figure class=\"wp-block-image size-large\"><img loading=\"lazy\" decoding=\"async\" width=\"1024\" height=\"576\" src=\"https:\/\/kapikajak.pl\/wp\/wp-content\/uploads\/2024\/04\/sal5-1024x576.jpg\" alt=\"\" class=\"wp-image-377\" srcset=\"https:\/\/kapikajak.pl\/wp\/wp-content\/uploads\/2024\/04\/sal5-1024x576.jpg 1024w, https:\/\/kapikajak.pl\/wp\/wp-content\/uploads\/2024\/04\/sal5-300x169.jpg 300w, https:\/\/kapikajak.pl\/wp\/wp-content\/uploads\/2024\/04\/sal5-768x432.jpg 768w, https:\/\/kapikajak.pl\/wp\/wp-content\/uploads\/2024\/04\/sal5-1536x864.jpg 1536w, https:\/\/kapikajak.pl\/wp\/wp-content\/uploads\/2024\/04\/sal5-2048x1152.jpg 2048w\" sizes=\"(max-width: 1024px) 100vw, 1024px\" \/><\/figure>\n\n\n\n<p><\/p>\n\n\n\n<figure class=\"wp-block-image size-large\"><img loading=\"lazy\" decoding=\"async\" width=\"1024\" height=\"576\" src=\"https:\/\/kapikajak.pl\/wp\/wp-content\/uploads\/2024\/04\/sal6-1024x576.jpg\" alt=\"\" class=\"wp-image-378\" srcset=\"https:\/\/kapikajak.pl\/wp\/wp-content\/uploads\/2024\/04\/sal6-1024x576.jpg 1024w, https:\/\/kapikajak.pl\/wp\/wp-content\/uploads\/2024\/04\/sal6-300x169.jpg 300w, https:\/\/kapikajak.pl\/wp\/wp-content\/uploads\/2024\/04\/sal6-768x432.jpg 768w, https:\/\/kapikajak.pl\/wp\/wp-content\/uploads\/2024\/04\/sal6-1536x864.jpg 1536w, https:\/\/kapikajak.pl\/wp\/wp-content\/uploads\/2024\/04\/sal6-2048x1152.jpg 2048w\" sizes=\"(max-width: 1024px) 100vw, 1024px\" \/><\/figure>\n","protected":false},"excerpt":{"rendered":"<p>Salaca &#8211; rzeka w p\u00f3\u0142nocnoliwo\u0144skim rezerwacie biosfery, w p\u00f3\u0142nocnej cz\u0119\u015bci \u0141otwy. P\u0142ynie z jeziora Burtnieks na zach\u00f3d, gdzie w Salacgr\u012bvie wp\u0142ywa do Zatoki Ryskiej. Jest to szybko-p\u0142yn\u0105ca rzeka z piaskowcowym brzegiem i licznymi pieczarami (szczeg\u00f3lnie w okolicach Mazsalacy) i w du\u017cej mierze nietkni\u0119tym przez cz\u0142owieka wybrze\u017cem ba\u0142tyckim. Nad brzegiem rzeki Salaca mo\u017cemy zobaczy\u0107 m.in. Jaskini\u0119 &hellip; <a href=\"https:\/\/kapikajak.pl\/wp\/?page_id=138\" class=\"more-link\">Czytaj dalej <span class=\"screen-reader-text\">Salaca<\/span><\/a><\/p>\n","protected":false},"author":2,"featured_media":0,"parent":0,"menu_order":0,"comment_status":"closed","ping_status":"closed","template":"","meta":{"_siteseo_robots_primary_cat":"","footnotes":""},"_links":{"self":[{"href":"https:\/\/kapikajak.pl\/wp\/index.php?rest_route=\/wp\/v2\/pages\/138"}],"collection":[{"href":"https:\/\/kapikajak.pl\/wp\/index.php?rest_route=\/wp\/v2\/pages"}],"about":[{"href":"https:\/\/kapikajak.pl\/wp\/index.php?rest_route=\/wp\/v2\/types\/page"}],"author":[{"embeddable":true,"href":"https:\/\/kapikajak.pl\/wp\/index.php?rest_route=\/wp\/v2\/users\/2"}],"replies":[{"embeddable":true,"href":"https:\/\/kapikajak.pl\/wp\/index.php?rest_route=%2Fwp%2Fv2%2Fcomments&post=138"}],"version-history":[{"count":1,"href":"https:\/\/kapikajak.pl\/wp\/index.php?rest_route=\/wp\/v2\/pages\/138\/revisions"}],"predecessor-version":[{"id":379,"href":"https:\/\/kapikajak.pl\/wp\/index.php?rest_route=\/wp\/v2\/pages\/138\/revisions\/379"}],"wp:attachment":[{"href":"https:\/\/kapikajak.pl\/wp\/index.php?rest_route=%2Fwp%2Fv2%2Fmedia&parent=138"}],"curies":[{"name":"wp","href":"https:\/\/api.w.org\/{rel}","templated":true}]}}