{"id":109,"date":"2022-04-10T16:39:18","date_gmt":"2022-04-10T16:39:18","guid":{"rendered":"https:\/\/kapikajak.pl\/?page_id=109"},"modified":"2024-04-12T20:37:06","modified_gmt":"2024-04-12T20:37:06","slug":"marycha","status":"publish","type":"page","link":"https:\/\/kapikajak.pl\/wp\/?page_id=109","title":{"rendered":"Marycha"},"content":{"rendered":"\n<p><strong>Marycha <\/strong>\u2013 rzeka na pograniczu polsko-litewskim. Jest lewobrze\u017cnym dop\u0142ywem Czarnej Ha\u0144czy III rz\u0119du (zlewnia Niemna).<\/p>\n\n\n\n<p><br>Dolina rzeki jest szeroka, w dolnym odcinku zalesiona (Puszcza Augustowska). \u0179r\u00f3d\u0142a rzeki znajduj\u0105 si\u0119 w Polsce w okolicach Pu\u0144ska (woj. podlaskie), przep\u0142ywa przez Sejny, wpada do jeziora Pomorze, nast\u0119pnie stanowi granic\u0119 polsko-litewsk\u0105, a dalej litewsko-bia\u0142orusk\u0105; na p\u00f3\u0142noc od wsi Czertok wpada do rzeki Czarnej Ha\u0144czy, jako jej dop\u0142yw lewobrze\u017cny.<\/p>\n\n\n\n<p class=\"has-text-align-center\">Nasz firma organizuje sp\u0142ywy na odcinku : Zelwa &#8211; Stanowisko (ok. 5-6 godz.)<\/p>\n\n\n\n<figure class=\"wp-block-image size-full\"><img decoding=\"async\" src=\"https:\/\/kapikajak.pl\/wp\/wp-content\/uploads\/2024\/04\/marycha.jpg\" alt=\"\" class=\"wp-image-306\"\/><\/figure>\n","protected":false},"excerpt":{"rendered":"<p>Marycha \u2013 rzeka na pograniczu polsko-litewskim. Jest lewobrze\u017cnym dop\u0142ywem Czarnej Ha\u0144czy III rz\u0119du (zlewnia Niemna). Dolina rzeki jest szeroka, w dolnym odcinku zalesiona (Puszcza Augustowska). \u0179r\u00f3d\u0142a rzeki znajduj\u0105 si\u0119 w Polsce w okolicach Pu\u0144ska (woj. podlaskie), przep\u0142ywa przez Sejny, wpada do jeziora Pomorze, nast\u0119pnie stanowi granic\u0119 polsko-litewsk\u0105, a dalej litewsko-bia\u0142orusk\u0105; na p\u00f3\u0142noc od wsi Czertok &hellip; <a href=\"https:\/\/kapikajak.pl\/wp\/?page_id=109\" class=\"more-link\">Czytaj dalej <span class=\"screen-reader-text\">Marycha<\/span><\/a><\/p>\n","protected":false},"author":2,"featured_media":0,"parent":0,"menu_order":0,"comment_status":"closed","ping_status":"closed","template":"","meta":{"_siteseo_robots_primary_cat":"","footnotes":""},"_links":{"self":[{"href":"https:\/\/kapikajak.pl\/wp\/index.php?rest_route=\/wp\/v2\/pages\/109"}],"collection":[{"href":"https:\/\/kapikajak.pl\/wp\/index.php?rest_route=\/wp\/v2\/pages"}],"about":[{"href":"https:\/\/kapikajak.pl\/wp\/index.php?rest_route=\/wp\/v2\/types\/page"}],"author":[{"embeddable":true,"href":"https:\/\/kapikajak.pl\/wp\/index.php?rest_route=\/wp\/v2\/users\/2"}],"replies":[{"embeddable":true,"href":"https:\/\/kapikajak.pl\/wp\/index.php?rest_route=%2Fwp%2Fv2%2Fcomments&post=109"}],"version-history":[{"count":1,"href":"https:\/\/kapikajak.pl\/wp\/index.php?rest_route=\/wp\/v2\/pages\/109\/revisions"}],"predecessor-version":[{"id":307,"href":"https:\/\/kapikajak.pl\/wp\/index.php?rest_route=\/wp\/v2\/pages\/109\/revisions\/307"}],"wp:attachment":[{"href":"https:\/\/kapikajak.pl\/wp\/index.php?rest_route=%2Fwp%2Fv2%2Fmedia&parent=109"}],"curies":[{"name":"wp","href":"https:\/\/api.w.org\/{rel}","templated":true}]}}