{"id":103,"date":"2022-04-10T15:50:10","date_gmt":"2022-04-10T15:50:10","guid":{"rendered":"https:\/\/kapikajak.pl\/?page_id=103"},"modified":"2024-04-12T20:36:44","modified_gmt":"2024-04-12T20:36:44","slug":"szeszupa","status":"publish","type":"page","link":"https:\/\/kapikajak.pl\/wp\/?page_id=103","title":{"rendered":"Szeszupa"},"content":{"rendered":"\n<p>\u0179r\u00f3d\u0142a rzeki usytuowane s\u0105 na terenie Suwalskiego Parku Krajobrazowego w odleg\u0142o\u015bci oko\u0142o 500 m od doliny Czarnej Ha\u0144czy. P\u0142ynie umiarkowanym nurtem, przeplatanym bystrzami, dnem rozleg\u0142ej, szerokiej doliny (Zag\u0142\u0119bienia Szeszupy), zbieraj\u0105c po drodze niewielkie strumienie, odprowadzaj\u0105ce wod\u0119 z licznych torfowisk i jezior. Polska cz\u0119\u015b\u0107 rzeki liczy 27 km. W g\u00f3rnym biegu jest wartkim strumieniem, p\u0142yn\u0105cym w wyra\u017anie zarysowanej dolinie.<\/p>\n\n\n\n<figure class=\"wp-block-image size-large is-resized\"><img loading=\"lazy\" decoding=\"async\" width=\"768\" height=\"1024\" src=\"https:\/\/kapikajak.pl\/wp\/wp-content\/uploads\/2024\/04\/sz1-768x1024.jpg\" alt=\"\" class=\"wp-image-300\" style=\"width:576px;height:768px\" srcset=\"https:\/\/kapikajak.pl\/wp\/wp-content\/uploads\/2024\/04\/sz1-768x1024.jpg 768w, https:\/\/kapikajak.pl\/wp\/wp-content\/uploads\/2024\/04\/sz1-225x300.jpg 225w, https:\/\/kapikajak.pl\/wp\/wp-content\/uploads\/2024\/04\/sz1-1152x1536.jpg 1152w, https:\/\/kapikajak.pl\/wp\/wp-content\/uploads\/2024\/04\/sz1.jpg 1200w\" sizes=\"(max-width: 768px) 100vw, 768px\" \/><\/figure>\n\n\n\n<figure class=\"wp-block-image size-large is-resized\"><img loading=\"lazy\" decoding=\"async\" width=\"768\" height=\"1024\" src=\"https:\/\/kapikajak.pl\/wp\/wp-content\/uploads\/2024\/04\/sz2-768x1024.jpg\" alt=\"\" class=\"wp-image-301\" style=\"width:576px;height:768px\" srcset=\"https:\/\/kapikajak.pl\/wp\/wp-content\/uploads\/2024\/04\/sz2-768x1024.jpg 768w, https:\/\/kapikajak.pl\/wp\/wp-content\/uploads\/2024\/04\/sz2-225x300.jpg 225w, https:\/\/kapikajak.pl\/wp\/wp-content\/uploads\/2024\/04\/sz2-1152x1536.jpg 1152w, https:\/\/kapikajak.pl\/wp\/wp-content\/uploads\/2024\/04\/sz2.jpg 1200w\" sizes=\"(max-width: 768px) 100vw, 768px\" \/><\/figure>\n\n\n\n<figure class=\"wp-block-image size-large is-resized\"><img loading=\"lazy\" decoding=\"async\" width=\"768\" height=\"1024\" src=\"https:\/\/kapikajak.pl\/wp\/wp-content\/uploads\/2024\/04\/sz3-768x1024.jpg\" alt=\"\" class=\"wp-image-302\" style=\"width:576px;height:768px\" srcset=\"https:\/\/kapikajak.pl\/wp\/wp-content\/uploads\/2024\/04\/sz3-768x1024.jpg 768w, https:\/\/kapikajak.pl\/wp\/wp-content\/uploads\/2024\/04\/sz3-225x300.jpg 225w, https:\/\/kapikajak.pl\/wp\/wp-content\/uploads\/2024\/04\/sz3-1152x1536.jpg 1152w, https:\/\/kapikajak.pl\/wp\/wp-content\/uploads\/2024\/04\/sz3.jpg 1200w\" sizes=\"(max-width: 768px) 100vw, 768px\" \/><\/figure>\n","protected":false},"excerpt":{"rendered":"<p>\u0179r\u00f3d\u0142a rzeki usytuowane s\u0105 na terenie Suwalskiego Parku Krajobrazowego w odleg\u0142o\u015bci oko\u0142o 500 m od doliny Czarnej Ha\u0144czy. P\u0142ynie umiarkowanym nurtem, przeplatanym bystrzami, dnem rozleg\u0142ej, szerokiej doliny (Zag\u0142\u0119bienia Szeszupy), zbieraj\u0105c po drodze niewielkie strumienie, odprowadzaj\u0105ce wod\u0119 z licznych torfowisk i jezior. Polska cz\u0119\u015b\u0107 rzeki liczy 27 km. W g\u00f3rnym biegu jest wartkim strumieniem, p\u0142yn\u0105cym w &hellip; <a href=\"https:\/\/kapikajak.pl\/wp\/?page_id=103\" class=\"more-link\">Czytaj dalej <span class=\"screen-reader-text\">Szeszupa<\/span><\/a><\/p>\n","protected":false},"author":2,"featured_media":0,"parent":0,"menu_order":0,"comment_status":"closed","ping_status":"closed","template":"","meta":{"_siteseo_robots_primary_cat":"","footnotes":""},"_links":{"self":[{"href":"https:\/\/kapikajak.pl\/wp\/index.php?rest_route=\/wp\/v2\/pages\/103"}],"collection":[{"href":"https:\/\/kapikajak.pl\/wp\/index.php?rest_route=\/wp\/v2\/pages"}],"about":[{"href":"https:\/\/kapikajak.pl\/wp\/index.php?rest_route=\/wp\/v2\/types\/page"}],"author":[{"embeddable":true,"href":"https:\/\/kapikajak.pl\/wp\/index.php?rest_route=\/wp\/v2\/users\/2"}],"replies":[{"embeddable":true,"href":"https:\/\/kapikajak.pl\/wp\/index.php?rest_route=%2Fwp%2Fv2%2Fcomments&post=103"}],"version-history":[{"count":1,"href":"https:\/\/kapikajak.pl\/wp\/index.php?rest_route=\/wp\/v2\/pages\/103\/revisions"}],"predecessor-version":[{"id":305,"href":"https:\/\/kapikajak.pl\/wp\/index.php?rest_route=\/wp\/v2\/pages\/103\/revisions\/305"}],"wp:attachment":[{"href":"https:\/\/kapikajak.pl\/wp\/index.php?rest_route=%2Fwp%2Fv2%2Fmedia&parent=103"}],"curies":[{"name":"wp","href":"https:\/\/api.w.org\/{rel}","templated":true}]}}